{"id":1294,"date":"2024-08-01T10:47:35","date_gmt":"2024-08-01T08:47:35","guid":{"rendered":"https:\/\/broederjacob.be\/product\/tripel\/"},"modified":"2025-01-08T17:04:12","modified_gmt":"2025-01-08T16:04:12","slug":"tripel","status":"publish","type":"product","link":"https:\/\/broederjacob.be\/fr\/produit\/tripel\/","title":{"rendered":"Triple"},"content":{"rendered":"<p>[et_pb_section fb_built=\u00a0\u00bb1&Prime; _builder_version=\u00a0\u00bb4.16&Prime; custom_padding=\u00a0\u00bb0px||||false|false\u00a0\u00bb global_colors_info=\u00a0\u00bb{}\u00a0\u00bb][et_pb_row _builder_version=\u00a0\u00bb4.16&Prime; background_size=\u00a0\u00bbinitial\u00a0\u00bb background_position=\u00a0\u00bbtop_left\u00a0\u00bb background_repeat=\u00a0\u00bbrepeat\u00a0\u00bb width=\u00a0\u00bb100%\u00a0\u00bb custom_padding=\u00a0\u00bb0px||0px||false|false\u00a0\u00bb global_colors_info=\u00a0\u00bb{}\u00a0\u00bb][et_pb_column type=\u00a0\u00bb4_4&Prime; _builder_version=\u00a0\u00bb4.16&Prime; custom_padding=\u00a0\u00bb|||\u00a0\u00bb global_colors_info=\u00a0\u00bb{}\u00a0\u00bb custom_padding__hover=\u00a0\u00bb|||\u00a0\u00bb][et_pb_wc_breadcrumb _builder_version=\u00a0\u00bb4.16&Prime; global_colors_info=\u00a0\u00bb{}\u00a0\u00bb][\/et_pb_wc_breadcrumb][et_pb_wc_cart_notice _builder_version=\u00a0\u00bb4.16&Prime; global_colors_info=\u00a0\u00bb{}\u00a0\u00bb][\/et_pb_wc_cart_notice][\/et_pb_column][\/et_pb_row][et_pb_row column_structure=\u00a0\u00bb2_5,3_5&Prime; _builder_version=\u00a0\u00bb4.27.0&Prime; background_size=\u00a0\u00bbinitial\u00a0\u00bb background_position=\u00a0\u00bbtop_left\u00a0\u00bb background_repeat=\u00a0\u00bbrepeat\u00a0\u00bb width=\u00a0\u00bb100%\u00a0\u00bb custom_padding=\u00a0\u00bb0px||||false|false\u00a0\u00bb global_colors_info=\u00a0\u00bb{}\u00a0\u00bb][et_pb_column type=\u00a0\u00bb2_5&Prime; _builder_version=\u00a0\u00bb4.16&Prime; custom_padding=\u00a0\u00bb|||\u00a0\u00bb global_colors_info=\u00a0\u00bb{}\u00a0\u00bb custom_padding__hover=\u00a0\u00bb|||\u00a0\u00bb][et_pb_wc_images _builder_version=\u00a0\u00bb4.16&Prime; global_colors_info=\u00a0\u00bb{}\u00a0\u00bb][\/et_pb_wc_images][\/et_pb_column][et_pb_column type=\u00a0\u00bb3_5&Prime; _builder_version=\u00a0\u00bb4.16&Prime; custom_padding=\u00a0\u00bb|||\u00a0\u00bb global_colors_info=\u00a0\u00bb{}\u00a0\u00bb custom_padding__hover=\u00a0\u00bb|||\u00a0\u00bb][et_pb_wc_title _builder_version=\u00a0\u00bb4.16&Prime; global_colors_info=\u00a0\u00bb{}\u00a0\u00bb][\/et_pb_wc_title][et_pb_wc_price _builder_version=\u00a0\u00bb4.16&Prime; global_colors_info=\u00a0\u00bb{}\u00a0\u00bb][\/et_pb_wc_price][et_pb_wc_description _builder_version=\u00a0\u00bb4.16&Prime; global_colors_info=\u00a0\u00bb{}\u00a0\u00bb][\/et_pb_wc_description][et_pb_wc_add_to_cart _builder_version=\u00a0\u00bb4.16&Prime; global_colors_info=\u00a0\u00bb{}\u00a0\u00bb][\/et_pb_wc_add_to_cart][et_pb_text _builder_version=\u00a0\u00bb4.27.0&Prime; _module_preset=\u00a0\u00bbdefault\u00a0\u00bb text_font=\u00a0\u00bbPoppins||||||||\u00a0\u00bb text_text_color=\u00a0\u00bbrgba(0,0,0,0.4)\u00a0\u00bb text_font_size=\u00a0\u00bb16px\u00a0\u00bb text_line_height=\u00a0\u00bb1.9em\u00a0\u00bb header_font=\u00a0\u00bb||||||||\u00a0\u00bb header_2_font=\u00a0\u00bb||||||||\u00a0\u00bb module_alignment=\u00a0\u00bbcenter\u00a0\u00bb custom_margin=\u00a0\u00bb||30px|\u00a0\u00bb global_colors_info=\u00a0\u00bb{}\u00a0\u00bb]<\/p>\n<p>Bi\u00e8re Fr\u00e8re Jacques<\/p>\n<p>[\/et_pb_text][et_pb_cta button_text=\u00a0\u00bbCommander\u00a0\u00bb _builder_version=\u00a0\u00bb4.27.0&Prime; _module_preset=\u00a0\u00bbdefault\u00a0\u00bb background_color=\u00a0\u00bb#ae9a64&Prime; custom_button=\u00a0\u00bbon\u00a0\u00bb button_text_color=\u00a0\u00bb#E02B20&Prime; custom_padding=\u00a0\u00bb15px||1px|||\u00a0\u00bb locked=\u00a0\u00bboff\u00a0\u00bb global_colors_info=\u00a0\u00bb{}\u00a0\u00bb]<\/p>\n<p>Conseil : Les frais de port sont toujours de 7,50 \u20ac. Ajoutez plus de bouteilles pour maximiser vos frais de port. <\/p>\n<p>[\/et_pb_cta][\/et_pb_column][\/et_pb_row][et_pb_row column_structure=\u00a0\u00bb1_2,1_2&Prime; _builder_version=\u00a0\u00bb4.27.0&Prime; background_size=\u00a0\u00bbinitial\u00a0\u00bb background_position=\u00a0\u00bbtop_left\u00a0\u00bb background_repeat=\u00a0\u00bbrepeat\u00a0\u00bb width=\u00a0\u00bb100%\u00a0\u00bb global_colors_info=\u00a0\u00bb{}\u00a0\u00bb][et_pb_column type=\u00a0\u00bb1_2&Prime; _builder_version=\u00a0\u00bb4.16&Prime; custom_padding=\u00a0\u00bb|||\u00a0\u00bb global_colors_info=\u00a0\u00bb{}\u00a0\u00bb custom_padding__hover=\u00a0\u00bb|||\u00a0\u00bb][et_pb_text _builder_version=\u00a0\u00bb4.26.0&Prime; _module_preset=\u00a0\u00bbdefault\u00a0\u00bb text_font=\u00a0\u00bbPoppins||||||||\u00a0\u00bb text_text_color=\u00a0\u00bbrgba(0,0,0,0.4)\u00a0\u00bb text_font_size=\u00a0\u00bb16px\u00a0\u00bb text_line_height=\u00a0\u00bb1.9em\u00a0\u00bb header_font=\u00a0\u00bb||||||||\u00a0\u00bb header_2_font=\u00a0\u00bb||||||||\u00a0\u00bb module_alignment=\u00a0\u00bbcenter\u00a0\u00bb custom_margin=\u00a0\u00bb||30px|\u00a0\u00bb global_colors_info=\u00a0\u00bb{}\u00a0\u00bb]<\/p>\n<p>La <strong>Fr\u00e8re Jacques\u00ae Triple<\/strong> est une bi\u00e8re surprenante avec un \u00e9quilibre harmonieux en amertume, fruit\u00e9e et houblonn\u00e9e. La palette des go\u00fbts complexe apporte une exp\u00e9rience unique au vrai amateur de bi\u00e8re, dans laquelle la touche d\u2019herbes donne un accord final merveilleux.  <\/p>\n<p>7,5 % alc. vol. &#8211; EBU 22 &#8211; EBC 16<\/p>\n<p>[\/et_pb_text][\/et_pb_column][et_pb_column type=\u00a0\u00bb1_2&Prime; _builder_version=\u00a0\u00bb4.16&Prime; custom_padding=\u00a0\u00bb|||\u00a0\u00bb global_colors_info=\u00a0\u00bb{}\u00a0\u00bb custom_padding__hover=\u00a0\u00bb|||\u00a0\u00bb][et_pb_counters admin_label=\u00a0\u00bbJuice Info\u00a0\u00bb _builder_version=\u00a0\u00bb4.27.0&Prime; title_font=\u00a0\u00bbOswald|500||on|||||\u00a0\u00bb title_text_color=\u00a0\u00bb#000000&Prime; title_font_size=\u00a0\u00bb16px\u00a0\u00bb title_letter_spacing=\u00a0\u00bb2px\u00a0\u00bb title_line_height=\u00a0\u00bb3em\u00a0\u00bb percent_font=\u00a0\u00bb||||||||\u00a0\u00bb text_orientation=\u00a0\u00bbleft\u00a0\u00bb width=\u00a0\u00bb53%\u00a0\u00bb module_alignment=\u00a0\u00bbcenter\u00a0\u00bb locked=\u00a0\u00bboff\u00a0\u00bb global_colors_info=\u00a0\u00bb{}\u00a0\u00bb][et_pb_counter percent=\u00a0\u00bb40&Prime; bar_background_color=\u00a0\u00bb#ae9a64&Prime; _builder_version=\u00a0\u00bb4.27.0&Prime; title_font=\u00a0\u00bb||||||||\u00a0\u00bb title_text_color=\u00a0\u00bb#ae9a64&Prime; percent_font=\u00a0\u00bb||||||||\u00a0\u00bb percent_font_size=\u00a0\u00bb0px\u00a0\u00bb percent_line_height=\u00a0\u00bb0em\u00a0\u00bb global_colors_info=\u00a0\u00bb{}\u00a0\u00bb bar_background_color_default=\u00a0\u00bb#000000&Prime; use_percentages=\u00a0\u00bbon\u00a0\u00bb]Doux[\/et_pb_counter][et_pb_counter percent=\u00a0\u00bb20&Prime; bar_background_color=\u00a0\u00bb#ae9a64&Prime; _builder_version=\u00a0\u00bb4.27.0&Prime; title_font=\u00a0\u00bb||||||||\u00a0\u00bb title_text_color=\u00a0\u00bb#ae9a64&Prime; percent_font=\u00a0\u00bb||||||||\u00a0\u00bb percent_font_size=\u00a0\u00bb0px\u00a0\u00bb percent_line_height=\u00a0\u00bb0em\u00a0\u00bb global_colors_info=\u00a0\u00bb{}\u00a0\u00bb bar_background_color_default=\u00a0\u00bb#000000&Prime; use_percentages=\u00a0\u00bbon\u00a0\u00bb]Aigrement[\/et_pb_counter][et_pb_counter percent=\u00a0\u00bb40&Prime; bar_background_color=\u00a0\u00bb#ae9a64&Prime; _builder_version=\u00a0\u00bb4.27.0&Prime; title_font=\u00a0\u00bb||||||||\u00a0\u00bb title_text_color=\u00a0\u00bb#ae9a64&Prime; percent_font=\u00a0\u00bb||||||||\u00a0\u00bb percent_font_size=\u00a0\u00bb0px\u00a0\u00bb percent_line_height=\u00a0\u00bb0em\u00a0\u00bb global_colors_info=\u00a0\u00bb{}\u00a0\u00bb bar_background_color_default=\u00a0\u00bb#000000&Prime; use_percentages=\u00a0\u00bbon\u00a0\u00bb]Houblon[\/et_pb_counter][et_pb_counter percent=\u00a0\u00bb60&Prime; bar_background_color=\u00a0\u00bb#ae9a64&Prime; _builder_version=\u00a0\u00bb4.27.0&Prime; title_font=\u00a0\u00bb||||||||\u00a0\u00bb title_text_color=\u00a0\u00bb#ae9a64&Prime; percent_font=\u00a0\u00bb||||||||\u00a0\u00bb percent_font_size=\u00a0\u00bb0px\u00a0\u00bb percent_line_height=\u00a0\u00bb0em\u00a0\u00bb global_colors_info=\u00a0\u00bb{}\u00a0\u00bb bar_background_color_default=\u00a0\u00bb#000000&Prime; use_percentages=\u00a0\u00bbon\u00a0\u00bb]\u00c9pice[\/et_pb_counter][et_pb_counter percent=\u00a0\u00bb40&Prime; bar_background_color=\u00a0\u00bb#ae9a64&Prime; _builder_version=\u00a0\u00bb4.27.0&Prime; title_font=\u00a0\u00bb||||||||\u00a0\u00bb title_text_color=\u00a0\u00bb#ae9a64&Prime; percent_font=\u00a0\u00bb||||||||\u00a0\u00bb percent_font_size=\u00a0\u00bb0px\u00a0\u00bb percent_line_height=\u00a0\u00bb0em\u00a0\u00bb global_colors_info=\u00a0\u00bb{}\u00a0\u00bb bar_background_color_default=\u00a0\u00bb#000000&Prime; use_percentages=\u00a0\u00bbon\u00a0\u00bb]Malt[\/et_pb_counter][\/et_pb_counters][\/et_pb_column][\/et_pb_row][et_pb_row _builder_version=\u00a0\u00bb4.16&Prime; background_size=\u00a0\u00bbinitial\u00a0\u00bb background_position=\u00a0\u00bbtop_left\u00a0\u00bb background_repeat=\u00a0\u00bbrepeat\u00a0\u00bb width=\u00a0\u00bb100%\u00a0\u00bb global_colors_info=\u00a0\u00bb{}\u00a0\u00bb][et_pb_column type=\u00a0\u00bb4_4&Prime; _builder_version=\u00a0\u00bb4.16&Prime; custom_padding=\u00a0\u00bb|||\u00a0\u00bb global_colors_info=\u00a0\u00bb{}\u00a0\u00bb custom_padding__hover=\u00a0\u00bb|||\u00a0\u00bb][et_pb_wc_upsells columns_number=\u00a0\u00bb4&Prime; _builder_version=\u00a0\u00bb4.27.0&Prime; hover_enabled=\u00a0\u00bb0&Prime; global_colors_info=\u00a0\u00bb{}\u00a0\u00bb title_font_size=\u00a0\u00bb24px\u00a0\u00bb sticky_enabled=\u00a0\u00bb0&Prime;][\/et_pb_wc_upsells][et_pb_wc_related_products posts_number=\u00a0\u00bb4&Prime; columns_number=\u00a0\u00bb4&Prime; include_categories=\u00a0\u00bb23&Prime; _builder_version=\u00a0\u00bb4.27.0&Prime; product_title_font_size=\u00a0\u00bb14px\u00a0\u00bb hover_enabled=\u00a0\u00bb0&Prime; global_colors_info=\u00a0\u00bb{}\u00a0\u00bb title_font_size=\u00a0\u00bb24px\u00a0\u00bb sticky_enabled=\u00a0\u00bb0&Prime;][\/et_pb_wc_related_products][\/et_pb_column][\/et_pb_row][\/et_pb_section]<\/p>\n","protected":false},"excerpt":{"rendered":"<p>Bi\u00e8re Fr\u00e8re JacquesConseil : Les frais de port sont toujours de 7,50 \u20ac. Ajoutez plus de bouteilles pour maximiser vos frais de port. La Fr\u00e8re Jacques\u00ae Triple est une bi\u00e8re surprenante avec un \u00e9quilibre harmonieux en amertume, fruit\u00e9e et houblonn\u00e9e. La palette des go\u00fbts complexe apporte une exp\u00e9rience unique au vrai amateur de bi\u00e8re, dans laquelle la touche d\u2019herbes donne un accord final merveilleux. 7,5 % alc. vol. &#8211; EBU 22 &#8211; EBC 16DouxAigrementHoublon\u00c9piceMalt<\/p>\n","protected":false},"featured_media":1650,"template":"","meta":{"_et_pb_use_builder":"on","_et_pb_old_content":"","_et_gb_content_width":"","cybocfi_hide_featured_image":""},"product_brand":[],"product_cat":[74,64],"product_tag":[],"class_list":{"0":"post-1294","1":"product","2":"type-product","3":"status-publish","4":"has-post-thumbnail","6":"product_cat-bieres-blondes","7":"product_cat-frere-jacob-beers","9":"first","10":"instock","11":"taxable","12":"shipping-taxable","13":"purchasable","14":"product-type-variable"},"yoast_head":"<!-- This site is optimized with the Yoast SEO plugin v27.4 - https:\/\/yoast.com\/product\/yoast-seo-wordpress\/ -->\n<title>Triple - Broeder Jacob<\/title>\n<meta name=\"description\" content=\"Bi\u00e8re triple blonde referment\u00e9e en bouteille. Ar\u00f4me fruit\u00e9 l\u00e9ger avec une touche d\u00e9licate d&#039;herbes. Une palette de saveurs complexes pour une exp\u00e9rience unique de la bi\u00e8re.\" \/>\n<meta name=\"robots\" content=\"index, nofollow, max-snippet:-1, max-image-preview:large, max-video-preview:-1\" \/>\n<link rel=\"canonical\" href=\"https:\/\/broederjacob.be\/fr\/produit\/tripel\/\" \/>\n<meta property=\"og:locale\" content=\"fr_FR\" \/>\n<meta property=\"og:type\" content=\"article\" \/>\n<meta property=\"og:title\" content=\"Triple - Broeder Jacob\" \/>\n<meta property=\"og:description\" content=\"Bi\u00e8re triple blonde referment\u00e9e en bouteille. Ar\u00f4me fruit\u00e9 l\u00e9ger avec une touche d\u00e9licate d&#039;herbes. Une palette de saveurs complexes pour une exp\u00e9rience unique de la bi\u00e8re.\" \/>\n<meta property=\"og:url\" content=\"https:\/\/broederjacob.be\/fr\/produit\/tripel\/\" \/>\n<meta property=\"og:site_name\" content=\"Broeder Jacob\" \/>\n<meta property=\"article:modified_time\" content=\"2025-01-08T16:04:12+00:00\" \/>\n<meta property=\"og:image\" content=\"https:\/\/broederjacob.be\/wp-content\/uploads\/2024\/08\/Tripel.png\" \/>\n\t<meta property=\"og:image:width\" content=\"300\" \/>\n\t<meta property=\"og:image:height\" content=\"300\" \/>\n\t<meta property=\"og:image:type\" content=\"image\/png\" \/>\n<meta name=\"twitter:card\" content=\"summary_large_image\" \/>\n<meta name=\"twitter:label1\" content=\"Dur\u00e9e de lecture estim\u00e9e\" \/>\n\t<meta name=\"twitter:data1\" content=\"4 minutes\" \/>\n<script type=\"application\/ld+json\" class=\"yoast-schema-graph\">{\"@context\":\"https:\\\/\\\/schema.org\",\"@graph\":[{\"@type\":\"WebPage\",\"@id\":\"https:\\\/\\\/broederjacob.be\\\/fr\\\/produit\\\/tripel\\\/\",\"url\":\"https:\\\/\\\/broederjacob.be\\\/fr\\\/produit\\\/tripel\\\/\",\"name\":\"Triple - Broeder Jacob\",\"isPartOf\":{\"@id\":\"https:\\\/\\\/broederjacob.be\\\/fr\\\/#website\"},\"primaryImageOfPage\":{\"@id\":\"https:\\\/\\\/broederjacob.be\\\/fr\\\/produit\\\/tripel\\\/#primaryimage\"},\"image\":{\"@id\":\"https:\\\/\\\/broederjacob.be\\\/fr\\\/produit\\\/tripel\\\/#primaryimage\"},\"thumbnailUrl\":\"https:\\\/\\\/erfog2gdc85.exactdn.com\\\/wp-content\\\/uploads\\\/2024\\\/08\\\/Tripel_25.png?strip=all\",\"datePublished\":\"2024-08-01T08:47:35+00:00\",\"dateModified\":\"2025-01-08T16:04:12+00:00\",\"description\":\"Bi\u00e8re triple blonde referment\u00e9e en bouteille. Ar\u00f4me fruit\u00e9 l\u00e9ger avec une touche d\u00e9licate d'herbes. Une palette de saveurs complexes pour une exp\u00e9rience unique de la bi\u00e8re.\",\"breadcrumb\":{\"@id\":\"https:\\\/\\\/broederjacob.be\\\/fr\\\/produit\\\/tripel\\\/#breadcrumb\"},\"inLanguage\":\"fr-FR\",\"potentialAction\":[{\"@type\":\"ReadAction\",\"target\":[\"https:\\\/\\\/broederjacob.be\\\/fr\\\/produit\\\/tripel\\\/\"]}]},{\"@type\":\"ImageObject\",\"inLanguage\":\"fr-FR\",\"@id\":\"https:\\\/\\\/broederjacob.be\\\/fr\\\/produit\\\/tripel\\\/#primaryimage\",\"url\":\"https:\\\/\\\/erfog2gdc85.exactdn.com\\\/wp-content\\\/uploads\\\/2024\\\/08\\\/Tripel_25.png?strip=all\",\"contentUrl\":\"https:\\\/\\\/erfog2gdc85.exactdn.com\\\/wp-content\\\/uploads\\\/2024\\\/08\\\/Tripel_25.png?strip=all\",\"width\":300,\"height\":300,\"caption\":\"Broeder Jacob Double Port 75 cl\"},{\"@type\":\"BreadcrumbList\",\"@id\":\"https:\\\/\\\/broederjacob.be\\\/fr\\\/produit\\\/tripel\\\/#breadcrumb\",\"itemListElement\":[{\"@type\":\"ListItem\",\"position\":1,\"name\":\"Home\",\"item\":\"https:\\\/\\\/broederjacob.be\\\/fr\\\/accueil\\\/\"},{\"@type\":\"ListItem\",\"position\":2,\"name\":\"Boutique en ligne\",\"item\":\"https:\\\/\\\/broederjacob.be\\\/webshop\\\/\"},{\"@type\":\"ListItem\",\"position\":3,\"name\":\"Triple\"}]},{\"@type\":\"WebSite\",\"@id\":\"https:\\\/\\\/broederjacob.be\\\/fr\\\/#website\",\"url\":\"https:\\\/\\\/broederjacob.be\\\/fr\\\/\",\"name\":\"Broeder Jacob\",\"description\":\"Belgian Brewery\",\"publisher\":{\"@id\":\"https:\\\/\\\/broederjacob.be\\\/fr\\\/#organization\"},\"potentialAction\":[{\"@type\":\"SearchAction\",\"target\":{\"@type\":\"EntryPoint\",\"urlTemplate\":\"https:\\\/\\\/broederjacob.be\\\/fr\\\/?s={search_term_string}\"},\"query-input\":{\"@type\":\"PropertyValueSpecification\",\"valueRequired\":true,\"valueName\":\"search_term_string\"}}],\"inLanguage\":\"fr-FR\"},{\"@type\":\"Organization\",\"@id\":\"https:\\\/\\\/broederjacob.be\\\/fr\\\/#organization\",\"name\":\"Broeder Jacob\",\"url\":\"https:\\\/\\\/broederjacob.be\\\/fr\\\/\",\"logo\":{\"@type\":\"ImageObject\",\"inLanguage\":\"fr-FR\",\"@id\":\"https:\\\/\\\/broederjacob.be\\\/fr\\\/#\\\/schema\\\/logo\\\/image\\\/\",\"url\":\"https:\\\/\\\/broederjacob.be\\\/wp-content\\\/uploads\\\/2024\\\/11\\\/BJ-LogoK-Def-PMS-scaled.jpg\",\"contentUrl\":\"https:\\\/\\\/broederjacob.be\\\/wp-content\\\/uploads\\\/2024\\\/11\\\/BJ-LogoK-Def-PMS-scaled.jpg\",\"width\":2384,\"height\":2560,\"caption\":\"Broeder Jacob\"},\"image\":{\"@id\":\"https:\\\/\\\/broederjacob.be\\\/fr\\\/#\\\/schema\\\/logo\\\/image\\\/\"}}]}<\/script>\n<!-- \/ Yoast SEO plugin. -->","yoast_head_json":{"title":"Triple - Broeder Jacob","description":"Bi\u00e8re triple blonde referment\u00e9e en bouteille. Ar\u00f4me fruit\u00e9 l\u00e9ger avec une touche d\u00e9licate d'herbes. Une palette de saveurs complexes pour une exp\u00e9rience unique de la bi\u00e8re.","robots":{"index":"index","follow":"nofollow","max-snippet":"max-snippet:-1","max-image-preview":"max-image-preview:large","max-video-preview":"max-video-preview:-1"},"canonical":"https:\/\/broederjacob.be\/fr\/produit\/tripel\/","og_locale":"fr_FR","og_type":"article","og_title":"Triple - Broeder Jacob","og_description":"Bi\u00e8re triple blonde referment\u00e9e en bouteille. Ar\u00f4me fruit\u00e9 l\u00e9ger avec une touche d\u00e9licate d'herbes. Une palette de saveurs complexes pour une exp\u00e9rience unique de la bi\u00e8re.","og_url":"https:\/\/broederjacob.be\/fr\/produit\/tripel\/","og_site_name":"Broeder Jacob","article_modified_time":"2025-01-08T16:04:12+00:00","og_image":[{"width":300,"height":300,"url":"https:\/\/broederjacob.be\/wp-content\/uploads\/2024\/08\/Tripel.png","type":"image\/png"}],"twitter_card":"summary_large_image","twitter_misc":{"Dur\u00e9e de lecture estim\u00e9e":"4 minutes"},"schema":{"@context":"https:\/\/schema.org","@graph":[{"@type":"WebPage","@id":"https:\/\/broederjacob.be\/fr\/produit\/tripel\/","url":"https:\/\/broederjacob.be\/fr\/produit\/tripel\/","name":"Triple - Broeder Jacob","isPartOf":{"@id":"https:\/\/broederjacob.be\/fr\/#website"},"primaryImageOfPage":{"@id":"https:\/\/broederjacob.be\/fr\/produit\/tripel\/#primaryimage"},"image":{"@id":"https:\/\/broederjacob.be\/fr\/produit\/tripel\/#primaryimage"},"thumbnailUrl":"https:\/\/erfog2gdc85.exactdn.com\/wp-content\/uploads\/2024\/08\/Tripel_25.png?strip=all","datePublished":"2024-08-01T08:47:35+00:00","dateModified":"2025-01-08T16:04:12+00:00","description":"Bi\u00e8re triple blonde referment\u00e9e en bouteille. Ar\u00f4me fruit\u00e9 l\u00e9ger avec une touche d\u00e9licate d'herbes. Une palette de saveurs complexes pour une exp\u00e9rience unique de la bi\u00e8re.","breadcrumb":{"@id":"https:\/\/broederjacob.be\/fr\/produit\/tripel\/#breadcrumb"},"inLanguage":"fr-FR","potentialAction":[{"@type":"ReadAction","target":["https:\/\/broederjacob.be\/fr\/produit\/tripel\/"]}]},{"@type":"ImageObject","inLanguage":"fr-FR","@id":"https:\/\/broederjacob.be\/fr\/produit\/tripel\/#primaryimage","url":"https:\/\/erfog2gdc85.exactdn.com\/wp-content\/uploads\/2024\/08\/Tripel_25.png?strip=all","contentUrl":"https:\/\/erfog2gdc85.exactdn.com\/wp-content\/uploads\/2024\/08\/Tripel_25.png?strip=all","width":300,"height":300,"caption":"Broeder Jacob Double Port 75 cl"},{"@type":"BreadcrumbList","@id":"https:\/\/broederjacob.be\/fr\/produit\/tripel\/#breadcrumb","itemListElement":[{"@type":"ListItem","position":1,"name":"Home","item":"https:\/\/broederjacob.be\/fr\/accueil\/"},{"@type":"ListItem","position":2,"name":"Boutique en ligne","item":"https:\/\/broederjacob.be\/webshop\/"},{"@type":"ListItem","position":3,"name":"Triple"}]},{"@type":"WebSite","@id":"https:\/\/broederjacob.be\/fr\/#website","url":"https:\/\/broederjacob.be\/fr\/","name":"Broeder Jacob","description":"Belgian Brewery","publisher":{"@id":"https:\/\/broederjacob.be\/fr\/#organization"},"potentialAction":[{"@type":"SearchAction","target":{"@type":"EntryPoint","urlTemplate":"https:\/\/broederjacob.be\/fr\/?s={search_term_string}"},"query-input":{"@type":"PropertyValueSpecification","valueRequired":true,"valueName":"search_term_string"}}],"inLanguage":"fr-FR"},{"@type":"Organization","@id":"https:\/\/broederjacob.be\/fr\/#organization","name":"Broeder Jacob","url":"https:\/\/broederjacob.be\/fr\/","logo":{"@type":"ImageObject","inLanguage":"fr-FR","@id":"https:\/\/broederjacob.be\/fr\/#\/schema\/logo\/image\/","url":"https:\/\/broederjacob.be\/wp-content\/uploads\/2024\/11\/BJ-LogoK-Def-PMS-scaled.jpg","contentUrl":"https:\/\/broederjacob.be\/wp-content\/uploads\/2024\/11\/BJ-LogoK-Def-PMS-scaled.jpg","width":2384,"height":2560,"caption":"Broeder Jacob"},"image":{"@id":"https:\/\/broederjacob.be\/fr\/#\/schema\/logo\/image\/"}}]}},"_links":{"self":[{"href":"https:\/\/broederjacob.be\/fr\/wp-json\/wp\/v2\/product\/1294","targetHints":{"allow":["GET"]}}],"collection":[{"href":"https:\/\/broederjacob.be\/fr\/wp-json\/wp\/v2\/product"}],"about":[{"href":"https:\/\/broederjacob.be\/fr\/wp-json\/wp\/v2\/types\/product"}],"wp:featuredmedia":[{"embeddable":true,"href":"https:\/\/broederjacob.be\/fr\/wp-json\/wp\/v2\/media\/1650"}],"wp:attachment":[{"href":"https:\/\/broederjacob.be\/fr\/wp-json\/wp\/v2\/media?parent=1294"}],"wp:term":[{"taxonomy":"product_brand","embeddable":true,"href":"https:\/\/broederjacob.be\/fr\/wp-json\/wp\/v2\/product_brand?post=1294"},{"taxonomy":"product_cat","embeddable":true,"href":"https:\/\/broederjacob.be\/fr\/wp-json\/wp\/v2\/product_cat?post=1294"},{"taxonomy":"product_tag","embeddable":true,"href":"https:\/\/broederjacob.be\/fr\/wp-json\/wp\/v2\/product_tag?post=1294"}],"curies":[{"name":"wp","href":"https:\/\/api.w.org\/{rel}","templated":true}]}}