{"id":1288,"date":"2024-08-01T09:45:32","date_gmt":"2024-08-01T07:45:32","guid":{"rendered":"https:\/\/broederjacob.be\/product\/bouteille\/"},"modified":"2025-01-08T17:34:47","modified_gmt":"2025-01-08T16:34:47","slug":"bouteille","status":"publish","type":"product","link":"https:\/\/broederjacob.be\/fr\/produit\/bouteille\/","title":{"rendered":"Bidon"},"content":{"rendered":"<p>[et_pb_section fb_built=\u00a0\u00bb1&Prime; _builder_version=\u00a0\u00bb4.16&Prime; custom_padding=\u00a0\u00bb0px||||false|false\u00a0\u00bb global_colors_info=\u00a0\u00bb{}\u00a0\u00bb][et_pb_row _builder_version=\u00a0\u00bb4.16&Prime; background_size=\u00a0\u00bbinitial\u00a0\u00bb background_position=\u00a0\u00bbtop_left\u00a0\u00bb background_repeat=\u00a0\u00bbrepeat\u00a0\u00bb width=\u00a0\u00bb100%\u00a0\u00bb custom_padding=\u00a0\u00bb0px||0px||false|false\u00a0\u00bb global_colors_info=\u00a0\u00bb{}\u00a0\u00bb][et_pb_column type=\u00a0\u00bb4_4&Prime; _builder_version=\u00a0\u00bb4.16&Prime; custom_padding=\u00a0\u00bb|||\u00a0\u00bb global_colors_info=\u00a0\u00bb{}\u00a0\u00bb custom_padding__hover=\u00a0\u00bb|||\u00a0\u00bb][et_pb_wc_breadcrumb _builder_version=\u00a0\u00bb4.16&Prime; global_colors_info=\u00a0\u00bb{}\u00a0\u00bb][\/et_pb_wc_breadcrumb][et_pb_wc_cart_notice _builder_version=\u00a0\u00bb4.16&Prime; global_colors_info=\u00a0\u00bb{}\u00a0\u00bb][\/et_pb_wc_cart_notice][\/et_pb_column][\/et_pb_row][et_pb_row column_structure=\u00a0\u00bb2_5,3_5&Prime; _builder_version=\u00a0\u00bb4.27.0&Prime; background_size=\u00a0\u00bbinitial\u00a0\u00bb background_position=\u00a0\u00bbtop_left\u00a0\u00bb background_repeat=\u00a0\u00bbrepeat\u00a0\u00bb width=\u00a0\u00bb100%\u00a0\u00bb custom_padding=\u00a0\u00bb0px||||false|false\u00a0\u00bb hover_enabled=\u00a0\u00bb0&Prime; global_colors_info=\u00a0\u00bb{}\u00a0\u00bb sticky_enabled=\u00a0\u00bb0&Prime;][et_pb_column type=\u00a0\u00bb2_5&Prime; _builder_version=\u00a0\u00bb4.16&Prime; custom_padding=\u00a0\u00bb|||\u00a0\u00bb global_colors_info=\u00a0\u00bb{}\u00a0\u00bb custom_padding__hover=\u00a0\u00bb|||\u00a0\u00bb][et_pb_wc_images _builder_version=\u00a0\u00bb4.16&Prime; global_colors_info=\u00a0\u00bb{}\u00a0\u00bb][\/et_pb_wc_images][\/et_pb_column][et_pb_column type=\u00a0\u00bb3_5&Prime; _builder_version=\u00a0\u00bb4.16&Prime; custom_padding=\u00a0\u00bb|||\u00a0\u00bb global_colors_info=\u00a0\u00bb{}\u00a0\u00bb custom_padding__hover=\u00a0\u00bb|||\u00a0\u00bb][et_pb_wc_title _builder_version=\u00a0\u00bb4.16&Prime; global_colors_info=\u00a0\u00bb{}\u00a0\u00bb][\/et_pb_wc_title][et_pb_wc_price _builder_version=\u00a0\u00bb4.16&Prime; global_colors_info=\u00a0\u00bb{}\u00a0\u00bb][\/et_pb_wc_price][et_pb_wc_description _builder_version=\u00a0\u00bb4.16&Prime; global_colors_info=\u00a0\u00bb{}\u00a0\u00bb][\/et_pb_wc_description][et_pb_wc_add_to_cart _builder_version=\u00a0\u00bb4.16&Prime; global_colors_info=\u00a0\u00bb{}\u00a0\u00bb][\/et_pb_wc_add_to_cart][et_pb_text _builder_version=\u00a0\u00bb4.26.0&Prime; _module_preset=\u00a0\u00bbdefault\u00a0\u00bb text_font=\u00a0\u00bbPoppins||||||||\u00a0\u00bb text_text_color=\u00a0\u00bbrgba(0,0,0,0.4)\u00a0\u00bb text_font_size=\u00a0\u00bb16px\u00a0\u00bb text_line_height=\u00a0\u00bb1.9em\u00a0\u00bb header_font=\u00a0\u00bb||||||||\u00a0\u00bb header_2_font=\u00a0\u00bb||||||||\u00a0\u00bb module_alignment=\u00a0\u00bbcenter\u00a0\u00bb custom_margin=\u00a0\u00bb||30px|\u00a0\u00bb global_colors_info=\u00a0\u00bb{}\u00a0\u00bb]<\/p>\n<p>Bi\u00e8re blonde<\/p>\n<p>[\/et_pb_text][et_pb_cta button_text=\u00a0\u00bbCommander\u00a0\u00bb _builder_version=\u00a0\u00bb4.27.0&Prime; _module_preset=\u00a0\u00bbdefault\u00a0\u00bb background_color=\u00a0\u00bb#ae9a64&Prime; custom_button=\u00a0\u00bbon\u00a0\u00bb button_text_color=\u00a0\u00bb#E02B20&Prime; custom_padding=\u00a0\u00bb15px||1px|||\u00a0\u00bb locked=\u00a0\u00bboff\u00a0\u00bb global_colors_info=\u00a0\u00bb{}\u00a0\u00bb]<\/p>\n<p>Conseil : Les frais de port sont toujours de 7,50 \u20ac. Ajoutez plus de bouteilles pour maximiser vos frais de port. <\/p>\n<p>[\/et_pb_cta][\/et_pb_column][\/et_pb_row][et_pb_row column_structure=\u00a0\u00bb1_2,1_2&Prime; _builder_version=\u00a0\u00bb4.27.0&Prime; background_size=\u00a0\u00bbinitial\u00a0\u00bb background_position=\u00a0\u00bbtop_left\u00a0\u00bb background_repeat=\u00a0\u00bbrepeat\u00a0\u00bb width=\u00a0\u00bb100%\u00a0\u00bb global_colors_info=\u00a0\u00bb{}\u00a0\u00bb][et_pb_column type=\u00a0\u00bb1_2&Prime; _builder_version=\u00a0\u00bb4.16&Prime; custom_padding=\u00a0\u00bb|||\u00a0\u00bb global_colors_info=\u00a0\u00bb{}\u00a0\u00bb custom_padding__hover=\u00a0\u00bb|||\u00a0\u00bb][et_pb_text _builder_version=\u00a0\u00bb4.26.0&Prime; _module_preset=\u00a0\u00bbdefault\u00a0\u00bb text_font=\u00a0\u00bbPoppins||||||||\u00a0\u00bb text_text_color=\u00a0\u00bbrgba(0,0,0,0.4)\u00a0\u00bb text_font_size=\u00a0\u00bb16px\u00a0\u00bb text_line_height=\u00a0\u00bb1.9em\u00a0\u00bb header_font=\u00a0\u00bb||||||||\u00a0\u00bb header_2_font=\u00a0\u00bb||||||||\u00a0\u00bb module_alignment=\u00a0\u00bbcenter\u00a0\u00bb custom_margin=\u00a0\u00bb||30px|\u00a0\u00bb global_colors_info=\u00a0\u00bb{}\u00a0\u00bb]<\/p>\n<p><strong>Bidon<\/strong><\/p>\n<p>Bi\u00e8re blonde avec une levure de refermentation basse et une refermentation en bouteille et un volume d\u2019alcool de 5%. Une bi\u00e8re fra\u00eeche, d\u00e9salt\u00e9rante, brass\u00e9e avec divers malts et facilement buvable.  <\/p>\n<p>Bi\u00e8re fra\u00eeche, d\u00e9salt\u00e9rante et agr\u00e9able \u00e0 boire.<\/p>\n<p>Houblon : Magnum et Saaz.<\/p>\n<p>5% alc. vol. &#8211; EBU 24 &#8211; EBC 8<\/p>\n<p>[\/et_pb_text][\/et_pb_column][et_pb_column type=\u00a0\u00bb1_2&Prime; _builder_version=\u00a0\u00bb4.16&Prime; custom_padding=\u00a0\u00bb|||\u00a0\u00bb global_colors_info=\u00a0\u00bb{}\u00a0\u00bb custom_padding__hover=\u00a0\u00bb|||\u00a0\u00bb][et_pb_counters admin_label=\u00a0\u00bbJuice Info\u00a0\u00bb _builder_version=\u00a0\u00bb4.26.0&Prime; title_font=\u00a0\u00bbOswald|500||on|||||\u00a0\u00bb title_text_color=\u00a0\u00bb#000000&Prime; title_font_size=\u00a0\u00bb16px\u00a0\u00bb title_letter_spacing=\u00a0\u00bb2px\u00a0\u00bb title_line_height=\u00a0\u00bb3em\u00a0\u00bb percent_font=\u00a0\u00bb||||||||\u00a0\u00bb text_orientation=\u00a0\u00bbleft\u00a0\u00bb width=\u00a0\u00bb53%\u00a0\u00bb module_alignment=\u00a0\u00bbcenter\u00a0\u00bb locked=\u00a0\u00bboff\u00a0\u00bb global_colors_info=\u00a0\u00bb{}\u00a0\u00bb][et_pb_counter percent=\u00a0\u00bb20&Prime; bar_background_color=\u00a0\u00bb#ae9a64&Prime; _builder_version=\u00a0\u00bb4.26.0&Prime; title_font=\u00a0\u00bb||||||||\u00a0\u00bb title_text_color=\u00a0\u00bb#ae9a64&Prime; percent_font=\u00a0\u00bb||||||||\u00a0\u00bb percent_font_size=\u00a0\u00bb0px\u00a0\u00bb percent_line_height=\u00a0\u00bb0em\u00a0\u00bb global_colors_info=\u00a0\u00bb{}\u00a0\u00bb bar_background_color_default=\u00a0\u00bb#000000&Prime; use_percentages=\u00a0\u00bbon\u00a0\u00bb]Doux[\/et_pb_counter][et_pb_counter percent=\u00a0\u00bb20&Prime; bar_background_color=\u00a0\u00bb#ae9a64&Prime; _builder_version=\u00a0\u00bb4.26.0&Prime; title_font=\u00a0\u00bb||||||||\u00a0\u00bb title_text_color=\u00a0\u00bb#ae9a64&Prime; percent_font=\u00a0\u00bb||||||||\u00a0\u00bb percent_font_size=\u00a0\u00bb0px\u00a0\u00bb percent_line_height=\u00a0\u00bb0em\u00a0\u00bb global_colors_info=\u00a0\u00bb{}\u00a0\u00bb bar_background_color_default=\u00a0\u00bb#000000&Prime; use_percentages=\u00a0\u00bbon\u00a0\u00bb]Aigrement[\/et_pb_counter][et_pb_counter percent=\u00a0\u00bb40&Prime; bar_background_color=\u00a0\u00bb#ae9a64&Prime; _builder_version=\u00a0\u00bb4.26.0&Prime; title_font=\u00a0\u00bb||||||||\u00a0\u00bb title_text_color=\u00a0\u00bb#ae9a64&Prime; percent_font=\u00a0\u00bb||||||||\u00a0\u00bb percent_font_size=\u00a0\u00bb0px\u00a0\u00bb percent_line_height=\u00a0\u00bb0em\u00a0\u00bb global_colors_info=\u00a0\u00bb{}\u00a0\u00bb bar_background_color_default=\u00a0\u00bb#000000&Prime; use_percentages=\u00a0\u00bbon\u00a0\u00bb]Houblon[\/et_pb_counter][et_pb_counter percent=\u00a0\u00bb20&Prime; bar_background_color=\u00a0\u00bb#ae9a64&Prime; _builder_version=\u00a0\u00bb4.26.0&Prime; title_font=\u00a0\u00bb||||||||\u00a0\u00bb title_text_color=\u00a0\u00bb#ae9a64&Prime; percent_font=\u00a0\u00bb||||||||\u00a0\u00bb percent_font_size=\u00a0\u00bb0px\u00a0\u00bb percent_line_height=\u00a0\u00bb0em\u00a0\u00bb global_colors_info=\u00a0\u00bb{}\u00a0\u00bb bar_background_color_default=\u00a0\u00bb#000000&Prime; use_percentages=\u00a0\u00bbon\u00a0\u00bb]\u00c9pice[\/et_pb_counter][et_pb_counter percent=\u00a0\u00bb60&Prime; bar_background_color=\u00a0\u00bb#ae9a64&Prime; _builder_version=\u00a0\u00bb4.26.0&Prime; title_font=\u00a0\u00bb||||||||\u00a0\u00bb title_text_color=\u00a0\u00bb#ae9a64&Prime; percent_font=\u00a0\u00bb||||||||\u00a0\u00bb percent_font_size=\u00a0\u00bb0px\u00a0\u00bb percent_line_height=\u00a0\u00bb0em\u00a0\u00bb global_colors_info=\u00a0\u00bb{}\u00a0\u00bb bar_background_color_default=\u00a0\u00bb#000000&Prime; use_percentages=\u00a0\u00bbon\u00a0\u00bb]Malt[\/et_pb_counter][\/et_pb_counters][\/et_pb_column][\/et_pb_row][et_pb_row _builder_version=\u00a0\u00bb4.16&Prime; background_size=\u00a0\u00bbinitial\u00a0\u00bb background_position=\u00a0\u00bbtop_left\u00a0\u00bb background_repeat=\u00a0\u00bbrepeat\u00a0\u00bb width=\u00a0\u00bb100%\u00a0\u00bb global_colors_info=\u00a0\u00bb{}\u00a0\u00bb][et_pb_column type=\u00a0\u00bb4_4&Prime; _builder_version=\u00a0\u00bb4.16&Prime; custom_padding=\u00a0\u00bb|||\u00a0\u00bb global_colors_info=\u00a0\u00bb{}\u00a0\u00bb custom_padding__hover=\u00a0\u00bb|||\u00a0\u00bb][et_pb_wc_upsells columns_number=\u00a0\u00bb4&Prime; _builder_version=\u00a0\u00bb4.27.0&Prime; hover_enabled=\u00a0\u00bb0&Prime; global_colors_info=\u00a0\u00bb{}\u00a0\u00bb title_font_size=\u00a0\u00bb24px\u00a0\u00bb sticky_enabled=\u00a0\u00bb0&Prime;][\/et_pb_wc_upsells][et_pb_wc_related_products columns_number=\u00a0\u00bb4&Prime; include_categories=\u00a0\u00bb22&Prime; _builder_version=\u00a0\u00bb4.27.0&Prime; product_title_font_size=\u00a0\u00bb14px\u00a0\u00bb hover_enabled=\u00a0\u00bb0&Prime; global_colors_info=\u00a0\u00bb{}\u00a0\u00bb title_font_size=\u00a0\u00bb24px\u00a0\u00bb sticky_enabled=\u00a0\u00bb0&Prime;][\/et_pb_wc_related_products][\/et_pb_column][\/et_pb_row][\/et_pb_section]<\/p>\n","protected":false},"excerpt":{"rendered":"<p>Bi\u00e8re blondeConseil : Les frais de port sont toujours de 7,50 \u20ac. Ajoutez plus de bouteilles pour maximiser vos frais de port. Bidon Bi\u00e8re blonde avec une levure de refermentation basse et une refermentation en bouteille et un volume d\u2019alcool de 5%. Une bi\u00e8re fra\u00eeche, d\u00e9salt\u00e9rante, brass\u00e9e avec divers malts et facilement buvable. Bi\u00e8re fra\u00eeche, d\u00e9salt\u00e9rante et agr\u00e9able \u00e0 boire. Houblon : Magnum et Saaz. 5% alc. vol. &#8211; EBU 24 &#8211; EBC 8DouxAigrementHoublon\u00c9piceMalt<\/p>\n","protected":false},"featured_media":942,"template":"","meta":{"_et_pb_use_builder":"on","_et_pb_old_content":"","_et_gb_content_width":"","cybocfi_hide_featured_image":""},"product_brand":[],"product_cat":[74],"product_tag":[],"class_list":{"0":"post-1288","1":"product","2":"type-product","3":"status-publish","4":"has-post-thumbnail","6":"product_cat-bieres-blondes","8":"first","9":"instock","10":"taxable","11":"shipping-taxable","12":"purchasable","13":"product-type-variable","14":"has-default-attributes"},"yoast_head":"<!-- This site is optimized with the Yoast SEO plugin v27.4 - https:\/\/yoast.com\/product\/yoast-seo-wordpress\/ -->\n<title>Bidon - Broeder Jacob<\/title>\n<meta name=\"description\" content=\"Bidon - Bi\u00e8re blonde fra\u00eeche \u00e0 5% avec refermentation en bouteille. Brass\u00e9e avec diff\u00e9rents malts blonds, cette bi\u00e8re offre une exp\u00e9rience d\u00e9salt\u00e9rante et douce \u00e0 boire.\" \/>\n<meta name=\"robots\" content=\"index, nofollow, max-snippet:-1, max-image-preview:large, max-video-preview:-1\" \/>\n<link rel=\"canonical\" href=\"https:\/\/broederjacob.be\/fr\/produit\/bouteille\/\" \/>\n<meta property=\"og:locale\" content=\"fr_FR\" \/>\n<meta property=\"og:type\" content=\"article\" \/>\n<meta property=\"og:title\" content=\"Bidon - Broeder Jacob\" \/>\n<meta property=\"og:description\" content=\"Bidon - Bi\u00e8re blonde fra\u00eeche \u00e0 5% avec refermentation en bouteille. Brass\u00e9e avec diff\u00e9rents malts blonds, cette bi\u00e8re offre une exp\u00e9rience d\u00e9salt\u00e9rante et douce \u00e0 boire.\" \/>\n<meta property=\"og:url\" content=\"https:\/\/broederjacob.be\/fr\/produit\/bouteille\/\" \/>\n<meta property=\"og:site_name\" content=\"Broeder Jacob\" \/>\n<meta property=\"article:modified_time\" content=\"2025-01-08T16:34:47+00:00\" \/>\n<meta property=\"og:image\" content=\"https:\/\/broederjacob.be\/wp-content\/uploads\/2024\/08\/Bidon.png\" \/>\n\t<meta property=\"og:image:width\" content=\"300\" \/>\n\t<meta property=\"og:image:height\" content=\"300\" \/>\n\t<meta property=\"og:image:type\" content=\"image\/png\" \/>\n<meta name=\"twitter:card\" content=\"summary_large_image\" \/>\n<meta name=\"twitter:label1\" content=\"Dur\u00e9e de lecture estim\u00e9e\" \/>\n\t<meta name=\"twitter:data1\" content=\"4 minutes\" \/>\n<script type=\"application\/ld+json\" class=\"yoast-schema-graph\">{\"@context\":\"https:\\\/\\\/schema.org\",\"@graph\":[{\"@type\":\"WebPage\",\"@id\":\"https:\\\/\\\/broederjacob.be\\\/fr\\\/produit\\\/bouteille\\\/\",\"url\":\"https:\\\/\\\/broederjacob.be\\\/fr\\\/produit\\\/bouteille\\\/\",\"name\":\"Bidon - Broeder Jacob\",\"isPartOf\":{\"@id\":\"https:\\\/\\\/broederjacob.be\\\/fr\\\/#website\"},\"primaryImageOfPage\":{\"@id\":\"https:\\\/\\\/broederjacob.be\\\/fr\\\/produit\\\/bouteille\\\/#primaryimage\"},\"image\":{\"@id\":\"https:\\\/\\\/broederjacob.be\\\/fr\\\/produit\\\/bouteille\\\/#primaryimage\"},\"thumbnailUrl\":\"https:\\\/\\\/erfog2gdc85.exactdn.com\\\/wp-content\\\/uploads\\\/2024\\\/08\\\/Bidon.png?strip=all\",\"datePublished\":\"2024-08-01T07:45:32+00:00\",\"dateModified\":\"2025-01-08T16:34:47+00:00\",\"description\":\"Bidon - Bi\u00e8re blonde fra\u00eeche \u00e0 5% avec refermentation en bouteille. Brass\u00e9e avec diff\u00e9rents malts blonds, cette bi\u00e8re offre une exp\u00e9rience d\u00e9salt\u00e9rante et douce \u00e0 boire.\",\"breadcrumb\":{\"@id\":\"https:\\\/\\\/broederjacob.be\\\/fr\\\/produit\\\/bouteille\\\/#breadcrumb\"},\"inLanguage\":\"fr-FR\",\"potentialAction\":[{\"@type\":\"ReadAction\",\"target\":[\"https:\\\/\\\/broederjacob.be\\\/fr\\\/produit\\\/bouteille\\\/\"]}]},{\"@type\":\"ImageObject\",\"inLanguage\":\"fr-FR\",\"@id\":\"https:\\\/\\\/broederjacob.be\\\/fr\\\/produit\\\/bouteille\\\/#primaryimage\",\"url\":\"https:\\\/\\\/erfog2gdc85.exactdn.com\\\/wp-content\\\/uploads\\\/2024\\\/08\\\/Bidon.png?strip=all\",\"contentUrl\":\"https:\\\/\\\/erfog2gdc85.exactdn.com\\\/wp-content\\\/uploads\\\/2024\\\/08\\\/Bidon.png?strip=all\",\"width\":300,\"height\":300,\"caption\":\"Bidon\"},{\"@type\":\"BreadcrumbList\",\"@id\":\"https:\\\/\\\/broederjacob.be\\\/fr\\\/produit\\\/bouteille\\\/#breadcrumb\",\"itemListElement\":[{\"@type\":\"ListItem\",\"position\":1,\"name\":\"Home\",\"item\":\"https:\\\/\\\/broederjacob.be\\\/fr\\\/accueil\\\/\"},{\"@type\":\"ListItem\",\"position\":2,\"name\":\"Boutique en ligne\",\"item\":\"https:\\\/\\\/broederjacob.be\\\/webshop\\\/\"},{\"@type\":\"ListItem\",\"position\":3,\"name\":\"Bidon\"}]},{\"@type\":\"WebSite\",\"@id\":\"https:\\\/\\\/broederjacob.be\\\/fr\\\/#website\",\"url\":\"https:\\\/\\\/broederjacob.be\\\/fr\\\/\",\"name\":\"Broeder Jacob\",\"description\":\"Belgian Brewery\",\"publisher\":{\"@id\":\"https:\\\/\\\/broederjacob.be\\\/fr\\\/#organization\"},\"potentialAction\":[{\"@type\":\"SearchAction\",\"target\":{\"@type\":\"EntryPoint\",\"urlTemplate\":\"https:\\\/\\\/broederjacob.be\\\/fr\\\/?s={search_term_string}\"},\"query-input\":{\"@type\":\"PropertyValueSpecification\",\"valueRequired\":true,\"valueName\":\"search_term_string\"}}],\"inLanguage\":\"fr-FR\"},{\"@type\":\"Organization\",\"@id\":\"https:\\\/\\\/broederjacob.be\\\/fr\\\/#organization\",\"name\":\"Broeder Jacob\",\"url\":\"https:\\\/\\\/broederjacob.be\\\/fr\\\/\",\"logo\":{\"@type\":\"ImageObject\",\"inLanguage\":\"fr-FR\",\"@id\":\"https:\\\/\\\/broederjacob.be\\\/fr\\\/#\\\/schema\\\/logo\\\/image\\\/\",\"url\":\"https:\\\/\\\/broederjacob.be\\\/wp-content\\\/uploads\\\/2024\\\/11\\\/BJ-LogoK-Def-PMS-scaled.jpg\",\"contentUrl\":\"https:\\\/\\\/broederjacob.be\\\/wp-content\\\/uploads\\\/2024\\\/11\\\/BJ-LogoK-Def-PMS-scaled.jpg\",\"width\":2384,\"height\":2560,\"caption\":\"Broeder Jacob\"},\"image\":{\"@id\":\"https:\\\/\\\/broederjacob.be\\\/fr\\\/#\\\/schema\\\/logo\\\/image\\\/\"}}]}<\/script>\n<!-- \/ Yoast SEO plugin. -->","yoast_head_json":{"title":"Bidon - Broeder Jacob","description":"Bidon - Bi\u00e8re blonde fra\u00eeche \u00e0 5% avec refermentation en bouteille. Brass\u00e9e avec diff\u00e9rents malts blonds, cette bi\u00e8re offre une exp\u00e9rience d\u00e9salt\u00e9rante et douce \u00e0 boire.","robots":{"index":"index","follow":"nofollow","max-snippet":"max-snippet:-1","max-image-preview":"max-image-preview:large","max-video-preview":"max-video-preview:-1"},"canonical":"https:\/\/broederjacob.be\/fr\/produit\/bouteille\/","og_locale":"fr_FR","og_type":"article","og_title":"Bidon - Broeder Jacob","og_description":"Bidon - Bi\u00e8re blonde fra\u00eeche \u00e0 5% avec refermentation en bouteille. Brass\u00e9e avec diff\u00e9rents malts blonds, cette bi\u00e8re offre une exp\u00e9rience d\u00e9salt\u00e9rante et douce \u00e0 boire.","og_url":"https:\/\/broederjacob.be\/fr\/produit\/bouteille\/","og_site_name":"Broeder Jacob","article_modified_time":"2025-01-08T16:34:47+00:00","og_image":[{"width":300,"height":300,"url":"https:\/\/broederjacob.be\/wp-content\/uploads\/2024\/08\/Bidon.png","type":"image\/png"}],"twitter_card":"summary_large_image","twitter_misc":{"Dur\u00e9e de lecture estim\u00e9e":"4 minutes"},"schema":{"@context":"https:\/\/schema.org","@graph":[{"@type":"WebPage","@id":"https:\/\/broederjacob.be\/fr\/produit\/bouteille\/","url":"https:\/\/broederjacob.be\/fr\/produit\/bouteille\/","name":"Bidon - Broeder Jacob","isPartOf":{"@id":"https:\/\/broederjacob.be\/fr\/#website"},"primaryImageOfPage":{"@id":"https:\/\/broederjacob.be\/fr\/produit\/bouteille\/#primaryimage"},"image":{"@id":"https:\/\/broederjacob.be\/fr\/produit\/bouteille\/#primaryimage"},"thumbnailUrl":"https:\/\/erfog2gdc85.exactdn.com\/wp-content\/uploads\/2024\/08\/Bidon.png?strip=all","datePublished":"2024-08-01T07:45:32+00:00","dateModified":"2025-01-08T16:34:47+00:00","description":"Bidon - Bi\u00e8re blonde fra\u00eeche \u00e0 5% avec refermentation en bouteille. Brass\u00e9e avec diff\u00e9rents malts blonds, cette bi\u00e8re offre une exp\u00e9rience d\u00e9salt\u00e9rante et douce \u00e0 boire.","breadcrumb":{"@id":"https:\/\/broederjacob.be\/fr\/produit\/bouteille\/#breadcrumb"},"inLanguage":"fr-FR","potentialAction":[{"@type":"ReadAction","target":["https:\/\/broederjacob.be\/fr\/produit\/bouteille\/"]}]},{"@type":"ImageObject","inLanguage":"fr-FR","@id":"https:\/\/broederjacob.be\/fr\/produit\/bouteille\/#primaryimage","url":"https:\/\/erfog2gdc85.exactdn.com\/wp-content\/uploads\/2024\/08\/Bidon.png?strip=all","contentUrl":"https:\/\/erfog2gdc85.exactdn.com\/wp-content\/uploads\/2024\/08\/Bidon.png?strip=all","width":300,"height":300,"caption":"Bidon"},{"@type":"BreadcrumbList","@id":"https:\/\/broederjacob.be\/fr\/produit\/bouteille\/#breadcrumb","itemListElement":[{"@type":"ListItem","position":1,"name":"Home","item":"https:\/\/broederjacob.be\/fr\/accueil\/"},{"@type":"ListItem","position":2,"name":"Boutique en ligne","item":"https:\/\/broederjacob.be\/webshop\/"},{"@type":"ListItem","position":3,"name":"Bidon"}]},{"@type":"WebSite","@id":"https:\/\/broederjacob.be\/fr\/#website","url":"https:\/\/broederjacob.be\/fr\/","name":"Broeder Jacob","description":"Belgian Brewery","publisher":{"@id":"https:\/\/broederjacob.be\/fr\/#organization"},"potentialAction":[{"@type":"SearchAction","target":{"@type":"EntryPoint","urlTemplate":"https:\/\/broederjacob.be\/fr\/?s={search_term_string}"},"query-input":{"@type":"PropertyValueSpecification","valueRequired":true,"valueName":"search_term_string"}}],"inLanguage":"fr-FR"},{"@type":"Organization","@id":"https:\/\/broederjacob.be\/fr\/#organization","name":"Broeder Jacob","url":"https:\/\/broederjacob.be\/fr\/","logo":{"@type":"ImageObject","inLanguage":"fr-FR","@id":"https:\/\/broederjacob.be\/fr\/#\/schema\/logo\/image\/","url":"https:\/\/broederjacob.be\/wp-content\/uploads\/2024\/11\/BJ-LogoK-Def-PMS-scaled.jpg","contentUrl":"https:\/\/broederjacob.be\/wp-content\/uploads\/2024\/11\/BJ-LogoK-Def-PMS-scaled.jpg","width":2384,"height":2560,"caption":"Broeder Jacob"},"image":{"@id":"https:\/\/broederjacob.be\/fr\/#\/schema\/logo\/image\/"}}]}},"_links":{"self":[{"href":"https:\/\/broederjacob.be\/fr\/wp-json\/wp\/v2\/product\/1288","targetHints":{"allow":["GET"]}}],"collection":[{"href":"https:\/\/broederjacob.be\/fr\/wp-json\/wp\/v2\/product"}],"about":[{"href":"https:\/\/broederjacob.be\/fr\/wp-json\/wp\/v2\/types\/product"}],"wp:featuredmedia":[{"embeddable":true,"href":"https:\/\/broederjacob.be\/fr\/wp-json\/wp\/v2\/media\/942"}],"wp:attachment":[{"href":"https:\/\/broederjacob.be\/fr\/wp-json\/wp\/v2\/media?parent=1288"}],"wp:term":[{"taxonomy":"product_brand","embeddable":true,"href":"https:\/\/broederjacob.be\/fr\/wp-json\/wp\/v2\/product_brand?post=1288"},{"taxonomy":"product_cat","embeddable":true,"href":"https:\/\/broederjacob.be\/fr\/wp-json\/wp\/v2\/product_cat?post=1288"},{"taxonomy":"product_tag","embeddable":true,"href":"https:\/\/broederjacob.be\/fr\/wp-json\/wp\/v2\/product_tag?post=1288"}],"curies":[{"name":"wp","href":"https:\/\/api.w.org\/{rel}","templated":true}]}}