{"id":1231,"date":"2024-08-28T20:46:08","date_gmt":"2024-08-28T18:46:08","guid":{"rendered":"https:\/\/broederjacob.be\/product\/recipient-a-biere-lazarus\/"},"modified":"2025-01-08T17:40:03","modified_gmt":"2025-01-08T16:40:03","slug":"recipient-a-biere-lazarus","status":"publish","type":"product","link":"https:\/\/broederjacob.be\/fr\/produit\/recipient-a-biere-lazarus\/","title":{"rendered":"Coffret de bi\u00e8re Lazarus"},"content":{"rendered":"<p>[et_pb_section fb_built=\u00a0\u00bb1&Prime; _builder_version=\u00a0\u00bb4.16&Prime; custom_padding=\u00a0\u00bb0px||||false|false\u00a0\u00bb global_colors_info=\u00a0\u00bb{}\u00a0\u00bb][et_pb_row _builder_version=\u00a0\u00bb4.16&Prime; background_size=\u00a0\u00bbinitial\u00a0\u00bb background_position=\u00a0\u00bbtop_left\u00a0\u00bb background_repeat=\u00a0\u00bbrepeat\u00a0\u00bb width=\u00a0\u00bb100%\u00a0\u00bb custom_padding=\u00a0\u00bb0px||0px||false|false\u00a0\u00bb global_colors_info=\u00a0\u00bb{}\u00a0\u00bb][et_pb_column type=\u00a0\u00bb4_4&Prime; _builder_version=\u00a0\u00bb4.16&Prime; custom_padding=\u00a0\u00bb|||\u00a0\u00bb global_colors_info=\u00a0\u00bb{}\u00a0\u00bb custom_padding__hover=\u00a0\u00bb|||\u00a0\u00bb][et_pb_wc_breadcrumb _builder_version=\u00a0\u00bb4.16&Prime; global_colors_info=\u00a0\u00bb{}\u00a0\u00bb][\/et_pb_wc_breadcrumb][et_pb_wc_cart_notice _builder_version=\u00a0\u00bb4.16&Prime; global_colors_info=\u00a0\u00bb{}\u00a0\u00bb][\/et_pb_wc_cart_notice][\/et_pb_column][\/et_pb_row][et_pb_row column_structure=\u00a0\u00bb2_5,3_5&Prime; _builder_version=\u00a0\u00bb4.27.0&Prime; background_size=\u00a0\u00bbinitial\u00a0\u00bb background_position=\u00a0\u00bbtop_left\u00a0\u00bb background_repeat=\u00a0\u00bbrepeat\u00a0\u00bb width=\u00a0\u00bb100%\u00a0\u00bb custom_padding=\u00a0\u00bb0px||||false|false\u00a0\u00bb global_colors_info=\u00a0\u00bb{}\u00a0\u00bb][et_pb_column type=\u00a0\u00bb2_5&Prime; _builder_version=\u00a0\u00bb4.16&Prime; custom_padding=\u00a0\u00bb|||\u00a0\u00bb global_colors_info=\u00a0\u00bb{}\u00a0\u00bb custom_padding__hover=\u00a0\u00bb|||\u00a0\u00bb][et_pb_wc_images _builder_version=\u00a0\u00bb4.16&Prime; global_colors_info=\u00a0\u00bb{}\u00a0\u00bb][\/et_pb_wc_images][\/et_pb_column][et_pb_column type=\u00a0\u00bb3_5&Prime; _builder_version=\u00a0\u00bb4.16&Prime; custom_padding=\u00a0\u00bb|||\u00a0\u00bb global_colors_info=\u00a0\u00bb{}\u00a0\u00bb custom_padding__hover=\u00a0\u00bb|||\u00a0\u00bb][et_pb_wc_title _builder_version=\u00a0\u00bb4.16&Prime; global_colors_info=\u00a0\u00bb{}\u00a0\u00bb][\/et_pb_wc_title][et_pb_wc_price _builder_version=\u00a0\u00bb4.16&Prime; global_colors_info=\u00a0\u00bb{}\u00a0\u00bb][\/et_pb_wc_price][et_pb_wc_description _builder_version=\u00a0\u00bb4.16&Prime; global_colors_info=\u00a0\u00bb{}\u00a0\u00bb][\/et_pb_wc_description][et_pb_wc_add_to_cart _builder_version=\u00a0\u00bb4.16&Prime; global_colors_info=\u00a0\u00bb{}\u00a0\u00bb][\/et_pb_wc_add_to_cart][et_pb_cta button_text=\u00a0\u00bbCommander\u00a0\u00bb _builder_version=\u00a0\u00bb4.27.0&Prime; _module_preset=\u00a0\u00bbdefault\u00a0\u00bb background_color=\u00a0\u00bb#ae9a64&Prime; custom_button=\u00a0\u00bbon\u00a0\u00bb button_text_color=\u00a0\u00bb#E02B20&Prime; custom_padding=\u00a0\u00bb15px||1px|||\u00a0\u00bb locked=\u00a0\u00bboff\u00a0\u00bb global_colors_info=\u00a0\u00bb{}\u00a0\u00bb]<\/p>\n<p>Conseil : Les frais de port sont toujours de 7,50 \u20ac. Ajoutez plus de bouteilles pour maximiser vos frais de port. <\/p>\n<p>[\/et_pb_cta][\/et_pb_column][\/et_pb_row][et_pb_row _builder_version=\u00a0\u00bb4.27.0&Prime; background_size=\u00a0\u00bbinitial\u00a0\u00bb background_position=\u00a0\u00bbtop_left\u00a0\u00bb background_repeat=\u00a0\u00bbrepeat\u00a0\u00bb width=\u00a0\u00bb100%\u00a0\u00bb global_colors_info=\u00a0\u00bb{}\u00a0\u00bb][et_pb_column type=\u00a0\u00bb4_4&Prime; _builder_version=\u00a0\u00bb4.16&Prime; custom_padding=\u00a0\u00bb|||\u00a0\u00bb global_colors_info=\u00a0\u00bb{}\u00a0\u00bb custom_padding__hover=\u00a0\u00bb|||\u00a0\u00bb][et_pb_text _builder_version=\u00a0\u00bb4.26.0&Prime; _module_preset=\u00a0\u00bbdefault\u00a0\u00bb text_font=\u00a0\u00bbPoppins||||||||\u00a0\u00bb text_text_color=\u00a0\u00bbrgba(0,0,0,0.4)\u00a0\u00bb text_font_size=\u00a0\u00bb16px\u00a0\u00bb text_line_height=\u00a0\u00bb1.9em\u00a0\u00bb header_font=\u00a0\u00bb||||||||\u00a0\u00bb header_2_font=\u00a0\u00bb||||||||\u00a0\u00bb module_alignment=\u00a0\u00bbcenter\u00a0\u00bb custom_margin=\u00a0\u00bb||30px|\u00a0\u00bb custom_padding=\u00a0\u00bb|||0px||\u00a0\u00bb locked=\u00a0\u00bboff\u00a0\u00bb global_colors_info=\u00a0\u00bb{}\u00a0\u00bb]<\/p>\n<p><strong>Coffret de bi\u00e8re Lazarus<\/strong><\/p>\n<p>Contenu 1 Coffret de bi\u00e8re Lazarus :<\/p>\n<ul>\n<li>1 x 33 cl Lazarus Calvados Infus\u00e9<\/li>\n<li>1 x 33 cl Lazarus Bourbon Whiskey Infus\u00e9<\/li>\n<li>1 x 33 cl Lazarus Armagnac Infus\u00e9<\/li>\n<li>1 x 33 cl Lazarus infus\u00e9 au x\u00e9r\u00e8s<\/li>\n<li>1 x 33 cl de rhum infus\u00e9 Lazarus<\/li>\n<\/ul>\n<p>[\/et_pb_text][\/et_pb_column][\/et_pb_row][et_pb_row _builder_version=\u00a0\u00bb4.27.0&Prime; background_size=\u00a0\u00bbinitial\u00a0\u00bb background_position=\u00a0\u00bbtop_left\u00a0\u00bb background_repeat=\u00a0\u00bbrepeat\u00a0\u00bb width=\u00a0\u00bb100%\u00a0\u00bb global_colors_info=\u00a0\u00bb{}\u00a0\u00bb][et_pb_column type=\u00a0\u00bb4_4&Prime; _builder_version=\u00a0\u00bb4.16&Prime; custom_padding=\u00a0\u00bb|||\u00a0\u00bb global_colors_info=\u00a0\u00bb{}\u00a0\u00bb custom_padding__hover=\u00a0\u00bb|||\u00a0\u00bb][et_pb_wc_upsells columns_number=\u00a0\u00bb4&Prime; orderby=\u00a0\u00bbpopularity\u00a0\u00bb _builder_version=\u00a0\u00bb4.27.0&Prime; title_font_size=\u00a0\u00bb24px\u00a0\u00bb hover_enabled=\u00a0\u00bb0&Prime; global_colors_info=\u00a0\u00bb{}\u00a0\u00bb sticky_enabled=\u00a0\u00bb0&Prime;][\/et_pb_wc_upsells][et_pb_wc_related_products posts_number=\u00a0\u00bb4&Prime; columns_number=\u00a0\u00bb4&Prime; include_categories=\u00a0\u00bb29&Prime; _builder_version=\u00a0\u00bb4.27.0&Prime; title_font_size=\u00a0\u00bb24px\u00a0\u00bb product_title_font_size=\u00a0\u00bb14px\u00a0\u00bb custom_padding=\u00a0\u00bb0px|||||\u00a0\u00bb hover_enabled=\u00a0\u00bb0&Prime; locked=\u00a0\u00bboff\u00a0\u00bb global_colors_info=\u00a0\u00bb{}\u00a0\u00bb sticky_enabled=\u00a0\u00bb0&Prime;][\/et_pb_wc_related_products][\/et_pb_column][\/et_pb_row][\/et_pb_section]<\/p>\n","protected":false},"excerpt":{"rendered":"<p>Conseil : Les frais de port sont toujours de 7,50 \u20ac. Ajoutez plus de bouteilles pour maximiser vos frais de port. Coffret de bi\u00e8re Lazarus Contenu 1 Coffret de bi\u00e8re Lazarus : 1 x 33 cl Lazarus Calvados Infus\u00e9 1 x 33 cl Lazarus Bourbon Whiskey Infus\u00e9 1 x 33 cl Lazarus Armagnac Infus\u00e9 1 x 33 cl Lazarus infus\u00e9 au x\u00e9r\u00e8s 1 x 33 cl de rhum infus\u00e9 Lazarus<\/p>\n","protected":false},"featured_media":1056,"template":"","meta":{"_et_pb_use_builder":"on","_et_pb_old_content":"","_et_gb_content_width":"","cybocfi_hide_featured_image":""},"product_brand":[],"product_cat":[67,65],"product_tag":[],"class_list":{"0":"post-1231","1":"product","2":"type-product","3":"status-publish","4":"has-post-thumbnail","6":"product_cat-bieres-infusees","7":"product_cat-paquets-cadeaux","9":"first","10":"instock","11":"taxable","12":"shipping-taxable","13":"purchasable","14":"product-type-variable"},"yoast_head":"<!-- This site is optimized with the Yoast SEO plugin v27.4 - https:\/\/yoast.com\/product\/yoast-seo-wordpress\/ -->\n<title>Coffret de bi\u00e8re Lazarus - Broeder Jacob<\/title>\n<meta name=\"robots\" content=\"index, follow, max-snippet:-1, max-image-preview:large, max-video-preview:-1\" \/>\n<link rel=\"canonical\" href=\"https:\/\/broederjacob.be\/fr\/produit\/recipient-a-biere-lazarus\/\" \/>\n<meta property=\"og:locale\" content=\"fr_FR\" \/>\n<meta property=\"og:type\" content=\"article\" \/>\n<meta property=\"og:title\" content=\"Coffret de bi\u00e8re Lazarus - Broeder Jacob\" \/>\n<meta property=\"og:description\" content=\"Conseil : Les frais de port sont toujours de 7,50 \u20ac. Ajoutez plus de bouteilles pour maximiser vos frais de port. Coffret de bi\u00e8re Lazarus Contenu 1 Coffret de bi\u00e8re Lazarus : 1 x 33 cl Lazarus Calvados Infus\u00e9 1 x 33 cl Lazarus Bourbon Whiskey Infus\u00e9 1 x 33 cl Lazarus Armagnac Infus\u00e9 1 x 33 cl Lazarus infus\u00e9 au x\u00e9r\u00e8s 1 x 33 cl de rhum infus\u00e9 Lazarus\" \/>\n<meta property=\"og:url\" content=\"https:\/\/broederjacob.be\/fr\/produit\/recipient-a-biere-lazarus\/\" \/>\n<meta property=\"og:site_name\" content=\"Broeder Jacob\" \/>\n<meta property=\"article:modified_time\" content=\"2025-01-08T16:40:03+00:00\" \/>\n<meta property=\"og:image\" content=\"https:\/\/broederjacob.be\/wp-content\/uploads\/2024\/08\/Beercontainer-Lazarus-1.webp\" \/>\n\t<meta property=\"og:image:width\" content=\"300\" \/>\n\t<meta property=\"og:image:height\" content=\"300\" \/>\n\t<meta property=\"og:image:type\" content=\"image\/webp\" \/>\n<meta name=\"twitter:card\" content=\"summary_large_image\" \/>\n<meta name=\"twitter:label1\" content=\"Dur\u00e9e de lecture estim\u00e9e\" \/>\n\t<meta name=\"twitter:data1\" content=\"3 minutes\" \/>\n<script type=\"application\/ld+json\" class=\"yoast-schema-graph\">{\"@context\":\"https:\\\/\\\/schema.org\",\"@graph\":[{\"@type\":\"WebPage\",\"@id\":\"https:\\\/\\\/broederjacob.be\\\/fr\\\/produit\\\/recipient-a-biere-lazarus\\\/\",\"url\":\"https:\\\/\\\/broederjacob.be\\\/fr\\\/produit\\\/recipient-a-biere-lazarus\\\/\",\"name\":\"Coffret de bi\u00e8re Lazarus - Broeder Jacob\",\"isPartOf\":{\"@id\":\"https:\\\/\\\/broederjacob.be\\\/fr\\\/#website\"},\"primaryImageOfPage\":{\"@id\":\"https:\\\/\\\/broederjacob.be\\\/fr\\\/produit\\\/recipient-a-biere-lazarus\\\/#primaryimage\"},\"image\":{\"@id\":\"https:\\\/\\\/broederjacob.be\\\/fr\\\/produit\\\/recipient-a-biere-lazarus\\\/#primaryimage\"},\"thumbnailUrl\":\"https:\\\/\\\/erfog2gdc85.exactdn.com\\\/wp-content\\\/uploads\\\/2024\\\/08\\\/Beercontainer-Lazarus-1.webp?strip=all\",\"datePublished\":\"2024-08-28T18:46:08+00:00\",\"dateModified\":\"2025-01-08T16:40:03+00:00\",\"breadcrumb\":{\"@id\":\"https:\\\/\\\/broederjacob.be\\\/fr\\\/produit\\\/recipient-a-biere-lazarus\\\/#breadcrumb\"},\"inLanguage\":\"fr-FR\",\"potentialAction\":[{\"@type\":\"ReadAction\",\"target\":[\"https:\\\/\\\/broederjacob.be\\\/fr\\\/produit\\\/recipient-a-biere-lazarus\\\/\"]}]},{\"@type\":\"ImageObject\",\"inLanguage\":\"fr-FR\",\"@id\":\"https:\\\/\\\/broederjacob.be\\\/fr\\\/produit\\\/recipient-a-biere-lazarus\\\/#primaryimage\",\"url\":\"https:\\\/\\\/erfog2gdc85.exactdn.com\\\/wp-content\\\/uploads\\\/2024\\\/08\\\/Beercontainer-Lazarus-1.webp?strip=all\",\"contentUrl\":\"https:\\\/\\\/erfog2gdc85.exactdn.com\\\/wp-content\\\/uploads\\\/2024\\\/08\\\/Beercontainer-Lazarus-1.webp?strip=all\",\"width\":300,\"height\":300},{\"@type\":\"BreadcrumbList\",\"@id\":\"https:\\\/\\\/broederjacob.be\\\/fr\\\/produit\\\/recipient-a-biere-lazarus\\\/#breadcrumb\",\"itemListElement\":[{\"@type\":\"ListItem\",\"position\":1,\"name\":\"Home\",\"item\":\"https:\\\/\\\/broederjacob.be\\\/fr\\\/accueil\\\/\"},{\"@type\":\"ListItem\",\"position\":2,\"name\":\"Boutique en ligne\",\"item\":\"https:\\\/\\\/broederjacob.be\\\/webshop\\\/\"},{\"@type\":\"ListItem\",\"position\":3,\"name\":\"Coffret de bi\u00e8re Lazarus\"}]},{\"@type\":\"WebSite\",\"@id\":\"https:\\\/\\\/broederjacob.be\\\/fr\\\/#website\",\"url\":\"https:\\\/\\\/broederjacob.be\\\/fr\\\/\",\"name\":\"Broeder Jacob\",\"description\":\"Belgian Brewery\",\"publisher\":{\"@id\":\"https:\\\/\\\/broederjacob.be\\\/fr\\\/#organization\"},\"potentialAction\":[{\"@type\":\"SearchAction\",\"target\":{\"@type\":\"EntryPoint\",\"urlTemplate\":\"https:\\\/\\\/broederjacob.be\\\/fr\\\/?s={search_term_string}\"},\"query-input\":{\"@type\":\"PropertyValueSpecification\",\"valueRequired\":true,\"valueName\":\"search_term_string\"}}],\"inLanguage\":\"fr-FR\"},{\"@type\":\"Organization\",\"@id\":\"https:\\\/\\\/broederjacob.be\\\/fr\\\/#organization\",\"name\":\"Broeder Jacob\",\"url\":\"https:\\\/\\\/broederjacob.be\\\/fr\\\/\",\"logo\":{\"@type\":\"ImageObject\",\"inLanguage\":\"fr-FR\",\"@id\":\"https:\\\/\\\/broederjacob.be\\\/fr\\\/#\\\/schema\\\/logo\\\/image\\\/\",\"url\":\"https:\\\/\\\/broederjacob.be\\\/wp-content\\\/uploads\\\/2024\\\/11\\\/BJ-LogoK-Def-PMS-scaled.jpg\",\"contentUrl\":\"https:\\\/\\\/broederjacob.be\\\/wp-content\\\/uploads\\\/2024\\\/11\\\/BJ-LogoK-Def-PMS-scaled.jpg\",\"width\":2384,\"height\":2560,\"caption\":\"Broeder Jacob\"},\"image\":{\"@id\":\"https:\\\/\\\/broederjacob.be\\\/fr\\\/#\\\/schema\\\/logo\\\/image\\\/\"}}]}<\/script>\n<!-- \/ Yoast SEO plugin. -->","yoast_head_json":{"title":"Coffret de bi\u00e8re Lazarus - Broeder Jacob","robots":{"index":"index","follow":"follow","max-snippet":"max-snippet:-1","max-image-preview":"max-image-preview:large","max-video-preview":"max-video-preview:-1"},"canonical":"https:\/\/broederjacob.be\/fr\/produit\/recipient-a-biere-lazarus\/","og_locale":"fr_FR","og_type":"article","og_title":"Coffret de bi\u00e8re Lazarus - Broeder Jacob","og_description":"Conseil : Les frais de port sont toujours de 7,50 \u20ac. Ajoutez plus de bouteilles pour maximiser vos frais de port. Coffret de bi\u00e8re Lazarus Contenu 1 Coffret de bi\u00e8re Lazarus : 1 x 33 cl Lazarus Calvados Infus\u00e9 1 x 33 cl Lazarus Bourbon Whiskey Infus\u00e9 1 x 33 cl Lazarus Armagnac Infus\u00e9 1 x 33 cl Lazarus infus\u00e9 au x\u00e9r\u00e8s 1 x 33 cl de rhum infus\u00e9 Lazarus","og_url":"https:\/\/broederjacob.be\/fr\/produit\/recipient-a-biere-lazarus\/","og_site_name":"Broeder Jacob","article_modified_time":"2025-01-08T16:40:03+00:00","og_image":[{"width":300,"height":300,"url":"https:\/\/broederjacob.be\/wp-content\/uploads\/2024\/08\/Beercontainer-Lazarus-1.webp","type":"image\/webp"}],"twitter_card":"summary_large_image","twitter_misc":{"Dur\u00e9e de lecture estim\u00e9e":"3 minutes"},"schema":{"@context":"https:\/\/schema.org","@graph":[{"@type":"WebPage","@id":"https:\/\/broederjacob.be\/fr\/produit\/recipient-a-biere-lazarus\/","url":"https:\/\/broederjacob.be\/fr\/produit\/recipient-a-biere-lazarus\/","name":"Coffret de bi\u00e8re Lazarus - Broeder Jacob","isPartOf":{"@id":"https:\/\/broederjacob.be\/fr\/#website"},"primaryImageOfPage":{"@id":"https:\/\/broederjacob.be\/fr\/produit\/recipient-a-biere-lazarus\/#primaryimage"},"image":{"@id":"https:\/\/broederjacob.be\/fr\/produit\/recipient-a-biere-lazarus\/#primaryimage"},"thumbnailUrl":"https:\/\/erfog2gdc85.exactdn.com\/wp-content\/uploads\/2024\/08\/Beercontainer-Lazarus-1.webp?strip=all","datePublished":"2024-08-28T18:46:08+00:00","dateModified":"2025-01-08T16:40:03+00:00","breadcrumb":{"@id":"https:\/\/broederjacob.be\/fr\/produit\/recipient-a-biere-lazarus\/#breadcrumb"},"inLanguage":"fr-FR","potentialAction":[{"@type":"ReadAction","target":["https:\/\/broederjacob.be\/fr\/produit\/recipient-a-biere-lazarus\/"]}]},{"@type":"ImageObject","inLanguage":"fr-FR","@id":"https:\/\/broederjacob.be\/fr\/produit\/recipient-a-biere-lazarus\/#primaryimage","url":"https:\/\/erfog2gdc85.exactdn.com\/wp-content\/uploads\/2024\/08\/Beercontainer-Lazarus-1.webp?strip=all","contentUrl":"https:\/\/erfog2gdc85.exactdn.com\/wp-content\/uploads\/2024\/08\/Beercontainer-Lazarus-1.webp?strip=all","width":300,"height":300},{"@type":"BreadcrumbList","@id":"https:\/\/broederjacob.be\/fr\/produit\/recipient-a-biere-lazarus\/#breadcrumb","itemListElement":[{"@type":"ListItem","position":1,"name":"Home","item":"https:\/\/broederjacob.be\/fr\/accueil\/"},{"@type":"ListItem","position":2,"name":"Boutique en ligne","item":"https:\/\/broederjacob.be\/webshop\/"},{"@type":"ListItem","position":3,"name":"Coffret de bi\u00e8re Lazarus"}]},{"@type":"WebSite","@id":"https:\/\/broederjacob.be\/fr\/#website","url":"https:\/\/broederjacob.be\/fr\/","name":"Broeder Jacob","description":"Belgian Brewery","publisher":{"@id":"https:\/\/broederjacob.be\/fr\/#organization"},"potentialAction":[{"@type":"SearchAction","target":{"@type":"EntryPoint","urlTemplate":"https:\/\/broederjacob.be\/fr\/?s={search_term_string}"},"query-input":{"@type":"PropertyValueSpecification","valueRequired":true,"valueName":"search_term_string"}}],"inLanguage":"fr-FR"},{"@type":"Organization","@id":"https:\/\/broederjacob.be\/fr\/#organization","name":"Broeder Jacob","url":"https:\/\/broederjacob.be\/fr\/","logo":{"@type":"ImageObject","inLanguage":"fr-FR","@id":"https:\/\/broederjacob.be\/fr\/#\/schema\/logo\/image\/","url":"https:\/\/broederjacob.be\/wp-content\/uploads\/2024\/11\/BJ-LogoK-Def-PMS-scaled.jpg","contentUrl":"https:\/\/broederjacob.be\/wp-content\/uploads\/2024\/11\/BJ-LogoK-Def-PMS-scaled.jpg","width":2384,"height":2560,"caption":"Broeder Jacob"},"image":{"@id":"https:\/\/broederjacob.be\/fr\/#\/schema\/logo\/image\/"}}]}},"_links":{"self":[{"href":"https:\/\/broederjacob.be\/fr\/wp-json\/wp\/v2\/product\/1231","targetHints":{"allow":["GET"]}}],"collection":[{"href":"https:\/\/broederjacob.be\/fr\/wp-json\/wp\/v2\/product"}],"about":[{"href":"https:\/\/broederjacob.be\/fr\/wp-json\/wp\/v2\/types\/product"}],"wp:featuredmedia":[{"embeddable":true,"href":"https:\/\/broederjacob.be\/fr\/wp-json\/wp\/v2\/media\/1056"}],"wp:attachment":[{"href":"https:\/\/broederjacob.be\/fr\/wp-json\/wp\/v2\/media?parent=1231"}],"wp:term":[{"taxonomy":"product_brand","embeddable":true,"href":"https:\/\/broederjacob.be\/fr\/wp-json\/wp\/v2\/product_brand?post=1231"},{"taxonomy":"product_cat","embeddable":true,"href":"https:\/\/broederjacob.be\/fr\/wp-json\/wp\/v2\/product_cat?post=1231"},{"taxonomy":"product_tag","embeddable":true,"href":"https:\/\/broederjacob.be\/fr\/wp-json\/wp\/v2\/product_tag?post=1231"}],"curies":[{"name":"wp","href":"https:\/\/api.w.org\/{rel}","templated":true}]}}