{"id":1166,"date":"2024-08-01T11:17:45","date_gmt":"2024-08-01T09:17:45","guid":{"rendered":"https:\/\/broederjacob.be\/product\/double-espresso\/"},"modified":"2025-01-08T17:09:47","modified_gmt":"2025-01-08T16:09:47","slug":"double-espresso","status":"publish","type":"product","link":"https:\/\/broederjacob.be\/fr\/produit\/double-espresso\/","title":{"rendered":"Double Espresso"},"content":{"rendered":"<p>[et_pb_section fb_built=\u00a0\u00bb1&Prime; _builder_version=\u00a0\u00bb4.16&Prime; custom_padding=\u00a0\u00bb0px||||false|false\u00a0\u00bb global_colors_info=\u00a0\u00bb{}\u00a0\u00bb][et_pb_row _builder_version=\u00a0\u00bb4.16&Prime; background_size=\u00a0\u00bbinitial\u00a0\u00bb background_position=\u00a0\u00bbtop_left\u00a0\u00bb background_repeat=\u00a0\u00bbrepeat\u00a0\u00bb width=\u00a0\u00bb100%\u00a0\u00bb custom_padding=\u00a0\u00bb0px||0px||false|false\u00a0\u00bb global_colors_info=\u00a0\u00bb{}\u00a0\u00bb][et_pb_column type=\u00a0\u00bb4_4&Prime; _builder_version=\u00a0\u00bb4.16&Prime; custom_padding=\u00a0\u00bb|||\u00a0\u00bb global_colors_info=\u00a0\u00bb{}\u00a0\u00bb custom_padding__hover=\u00a0\u00bb|||\u00a0\u00bb][et_pb_wc_breadcrumb _builder_version=\u00a0\u00bb4.16&Prime; global_colors_info=\u00a0\u00bb{}\u00a0\u00bb][\/et_pb_wc_breadcrumb][et_pb_wc_cart_notice _builder_version=\u00a0\u00bb4.16&Prime; global_colors_info=\u00a0\u00bb{}\u00a0\u00bb][\/et_pb_wc_cart_notice][\/et_pb_column][\/et_pb_row][et_pb_row column_structure=\u00a0\u00bb2_5,3_5&Prime; _builder_version=\u00a0\u00bb4.27.0&Prime; background_size=\u00a0\u00bbinitial\u00a0\u00bb background_position=\u00a0\u00bbtop_left\u00a0\u00bb background_repeat=\u00a0\u00bbrepeat\u00a0\u00bb width=\u00a0\u00bb100%\u00a0\u00bb custom_padding=\u00a0\u00bb0px||||false|false\u00a0\u00bb global_colors_info=\u00a0\u00bb{}\u00a0\u00bb][et_pb_column type=\u00a0\u00bb2_5&Prime; _builder_version=\u00a0\u00bb4.16&Prime; custom_padding=\u00a0\u00bb|||\u00a0\u00bb global_colors_info=\u00a0\u00bb{}\u00a0\u00bb custom_padding__hover=\u00a0\u00bb|||\u00a0\u00bb][et_pb_wc_images _builder_version=\u00a0\u00bb4.16&Prime; global_colors_info=\u00a0\u00bb{}\u00a0\u00bb][\/et_pb_wc_images][\/et_pb_column][et_pb_column type=\u00a0\u00bb3_5&Prime; _builder_version=\u00a0\u00bb4.16&Prime; custom_padding=\u00a0\u00bb|||\u00a0\u00bb global_colors_info=\u00a0\u00bb{}\u00a0\u00bb custom_padding__hover=\u00a0\u00bb|||\u00a0\u00bb][et_pb_wc_title _builder_version=\u00a0\u00bb4.16&Prime; global_colors_info=\u00a0\u00bb{}\u00a0\u00bb][\/et_pb_wc_title][et_pb_wc_price _builder_version=\u00a0\u00bb4.16&Prime; global_colors_info=\u00a0\u00bb{}\u00a0\u00bb][\/et_pb_wc_price][et_pb_wc_description _builder_version=\u00a0\u00bb4.16&Prime; global_colors_info=\u00a0\u00bb{}\u00a0\u00bb][\/et_pb_wc_description][et_pb_wc_add_to_cart _builder_version=\u00a0\u00bb4.16&Prime; global_colors_info=\u00a0\u00bb{}\u00a0\u00bb][\/et_pb_wc_add_to_cart][et_pb_text _builder_version=\u00a0\u00bb4.27.0&Prime; _module_preset=\u00a0\u00bbdefault\u00a0\u00bb text_font=\u00a0\u00bbPoppins||||||||\u00a0\u00bb text_text_color=\u00a0\u00bbrgba(0,0,0,0.4)\u00a0\u00bb text_font_size=\u00a0\u00bb16px\u00a0\u00bb text_line_height=\u00a0\u00bb1.9em\u00a0\u00bb header_font=\u00a0\u00bb||||||||\u00a0\u00bb header_2_font=\u00a0\u00bb||||||||\u00a0\u00bb module_alignment=\u00a0\u00bbcenter\u00a0\u00bb custom_margin=\u00a0\u00bb||30px|\u00a0\u00bb global_colors_info=\u00a0\u00bb{}\u00a0\u00bb]<\/p>\n<p>Bi\u00e8re Fr\u00e8re Jacques<\/p>\n<p>[\/et_pb_text][et_pb_cta button_text=\u00a0\u00bbCommander\u00a0\u00bb _builder_version=\u00a0\u00bb4.27.0&Prime; _module_preset=\u00a0\u00bbdefault\u00a0\u00bb background_color=\u00a0\u00bb#ae9a64&Prime; custom_button=\u00a0\u00bbon\u00a0\u00bb button_text_color=\u00a0\u00bb#E02B20&Prime; custom_padding=\u00a0\u00bb15px||1px|||\u00a0\u00bb locked=\u00a0\u00bboff\u00a0\u00bb global_colors_info=\u00a0\u00bb{}\u00a0\u00bb]<\/p>\n<p>Conseil : Les frais de port sont toujours de 7,50 \u20ac. Ajoutez plus de bouteilles pour maximiser vos frais de port. <\/p>\n<p>[\/et_pb_cta][\/et_pb_column][\/et_pb_row][et_pb_row column_structure=\u00a0\u00bb1_2,1_2&Prime; _builder_version=\u00a0\u00bb4.27.0&Prime; background_size=\u00a0\u00bbinitial\u00a0\u00bb background_position=\u00a0\u00bbtop_left\u00a0\u00bb background_repeat=\u00a0\u00bbrepeat\u00a0\u00bb width=\u00a0\u00bb100%\u00a0\u00bb global_colors_info=\u00a0\u00bb{}\u00a0\u00bb][et_pb_column type=\u00a0\u00bb1_2&Prime; _builder_version=\u00a0\u00bb4.16&Prime; custom_padding=\u00a0\u00bb|||\u00a0\u00bb global_colors_info=\u00a0\u00bb{}\u00a0\u00bb custom_padding__hover=\u00a0\u00bb|||\u00a0\u00bb][et_pb_text _builder_version=\u00a0\u00bb4.26.0&Prime; _module_preset=\u00a0\u00bbdefault\u00a0\u00bb text_font=\u00a0\u00bbPoppins||||||||\u00a0\u00bb text_text_color=\u00a0\u00bbrgba(0,0,0,0.4)\u00a0\u00bb text_font_size=\u00a0\u00bb16px\u00a0\u00bb text_line_height=\u00a0\u00bb1.9em\u00a0\u00bb header_font=\u00a0\u00bb||||||||\u00a0\u00bb header_2_font=\u00a0\u00bb||||||||\u00a0\u00bb module_alignment=\u00a0\u00bbcenter\u00a0\u00bb custom_margin=\u00a0\u00bb||30px|\u00a0\u00bb global_colors_info=\u00a0\u00bb{}\u00a0\u00bb]<\/p>\n<p><strong>Double Espresso<\/strong><\/p>\n<p>Cette bi\u00e8re unique, de fermentation haute de surcroit, est enrichie de caf\u00e9 de JAVA, le Finca La Pila det Guatemala. Ces grains de caf\u00e9 \u2018single estate\u2019, d\u2019une qualit\u00e9 sup\u00e9rieure, se d\u00e9veloppent \u00e0 une altitude de 1500 m\u00e8tres, sur un sol volcanique et enrichi. Les grains ont ainsi un ar\u00f4me d\u00e9licieux et un corps plein de fruit. La bi\u00e8re est caract\u00e9ris\u00e9e par ces grains et par le go\u00fbt du cacao. La bi\u00e8re des divins, intense et irr\u00e9sistible.   <\/p>\n<p>Houblon : Magnum et Golding.<\/p>\n<p><strong>M\u00e9daille d&rsquo;argent au Brussels Beer Challenge 2012<\/strong><\/p>\n<p>7,7 % alc. vol. &#8211; EBU 22 &#8211; EBC 90   <\/p>\n<p><strong><\/strong><\/p>\n<p>[\/et_pb_text][\/et_pb_column][et_pb_column type=\u00a0\u00bb1_2&Prime; _builder_version=\u00a0\u00bb4.16&Prime; custom_padding=\u00a0\u00bb|||\u00a0\u00bb global_colors_info=\u00a0\u00bb{}\u00a0\u00bb custom_padding__hover=\u00a0\u00bb|||\u00a0\u00bb][et_pb_counters admin_label=\u00a0\u00bbJuice Info\u00a0\u00bb _builder_version=\u00a0\u00bb4.27.0&Prime; title_font=\u00a0\u00bbOswald|500||on|||||\u00a0\u00bb title_text_color=\u00a0\u00bb#000000&Prime; title_font_size=\u00a0\u00bb16px\u00a0\u00bb title_letter_spacing=\u00a0\u00bb2px\u00a0\u00bb title_line_height=\u00a0\u00bb3em\u00a0\u00bb percent_font=\u00a0\u00bb||||||||\u00a0\u00bb text_orientation=\u00a0\u00bbleft\u00a0\u00bb width=\u00a0\u00bb53%\u00a0\u00bb module_alignment=\u00a0\u00bbcenter\u00a0\u00bb locked=\u00a0\u00bboff\u00a0\u00bb global_colors_info=\u00a0\u00bb{}\u00a0\u00bb][et_pb_counter percent=\u00a0\u00bb40&Prime; bar_background_color=\u00a0\u00bb#ae9a64&Prime; _builder_version=\u00a0\u00bb4.27.0&Prime; title_font=\u00a0\u00bb||||||||\u00a0\u00bb title_text_color=\u00a0\u00bb#ae9a64&Prime; percent_font=\u00a0\u00bb||||||||\u00a0\u00bb percent_font_size=\u00a0\u00bb0px\u00a0\u00bb percent_line_height=\u00a0\u00bb0em\u00a0\u00bb global_colors_info=\u00a0\u00bb{}\u00a0\u00bb bar_background_color_default=\u00a0\u00bb#000000&Prime; use_percentages=\u00a0\u00bbon\u00a0\u00bb]Doux[\/et_pb_counter][et_pb_counter percent=\u00a0\u00bb40&Prime; bar_background_color=\u00a0\u00bb#ae9a64&Prime; _builder_version=\u00a0\u00bb4.27.0&Prime; title_font=\u00a0\u00bb||||||||\u00a0\u00bb title_text_color=\u00a0\u00bb#ae9a64&Prime; percent_font=\u00a0\u00bb||||||||\u00a0\u00bb percent_font_size=\u00a0\u00bb0px\u00a0\u00bb percent_line_height=\u00a0\u00bb0em\u00a0\u00bb global_colors_info=\u00a0\u00bb{}\u00a0\u00bb bar_background_color_default=\u00a0\u00bb#000000&Prime; use_percentages=\u00a0\u00bbon\u00a0\u00bb]Aigrement[\/et_pb_counter][et_pb_counter percent=\u00a0\u00bb40&Prime; bar_background_color=\u00a0\u00bb#ae9a64&Prime; _builder_version=\u00a0\u00bb4.27.0&Prime; title_font=\u00a0\u00bb||||||||\u00a0\u00bb title_text_color=\u00a0\u00bb#ae9a64&Prime; percent_font=\u00a0\u00bb||||||||\u00a0\u00bb percent_font_size=\u00a0\u00bb0px\u00a0\u00bb percent_line_height=\u00a0\u00bb0em\u00a0\u00bb global_colors_info=\u00a0\u00bb{}\u00a0\u00bb bar_background_color_default=\u00a0\u00bb#000000&Prime; use_percentages=\u00a0\u00bbon\u00a0\u00bb]Houblon[\/et_pb_counter][et_pb_counter percent=\u00a0\u00bb50&Prime; bar_background_color=\u00a0\u00bb#ae9a64&Prime; _builder_version=\u00a0\u00bb4.27.0&Prime; title_font=\u00a0\u00bb||||||||\u00a0\u00bb title_text_color=\u00a0\u00bb#ae9a64&Prime; percent_font=\u00a0\u00bb||||||||\u00a0\u00bb percent_font_size=\u00a0\u00bb0px\u00a0\u00bb percent_line_height=\u00a0\u00bb0em\u00a0\u00bb global_colors_info=\u00a0\u00bb{}\u00a0\u00bb bar_background_color_default=\u00a0\u00bb#000000&Prime; use_percentages=\u00a0\u00bbon\u00a0\u00bb]\u00c9pice[\/et_pb_counter][et_pb_counter percent=\u00a0\u00bb80&Prime; bar_background_color=\u00a0\u00bb#ae9a64&Prime; _builder_version=\u00a0\u00bb4.27.0&Prime; title_font=\u00a0\u00bb||||||||\u00a0\u00bb title_text_color=\u00a0\u00bb#ae9a64&Prime; percent_font=\u00a0\u00bb||||||||\u00a0\u00bb percent_font_size=\u00a0\u00bb0px\u00a0\u00bb percent_line_height=\u00a0\u00bb0em\u00a0\u00bb global_colors_info=\u00a0\u00bb{}\u00a0\u00bb bar_background_color_default=\u00a0\u00bb#000000&Prime; use_percentages=\u00a0\u00bbon\u00a0\u00bb]Malt[\/et_pb_counter][\/et_pb_counters][\/et_pb_column][\/et_pb_row][et_pb_row _builder_version=\u00a0\u00bb4.16&Prime; background_size=\u00a0\u00bbinitial\u00a0\u00bb background_position=\u00a0\u00bbtop_left\u00a0\u00bb background_repeat=\u00a0\u00bbrepeat\u00a0\u00bb width=\u00a0\u00bb100%\u00a0\u00bb global_colors_info=\u00a0\u00bb{}\u00a0\u00bb][et_pb_column type=\u00a0\u00bb4_4&Prime; _builder_version=\u00a0\u00bb4.16&Prime; custom_padding=\u00a0\u00bb|||\u00a0\u00bb global_colors_info=\u00a0\u00bb{}\u00a0\u00bb custom_padding__hover=\u00a0\u00bb|||\u00a0\u00bb][et_pb_wc_upsells columns_number=\u00a0\u00bb4&Prime; _builder_version=\u00a0\u00bb4.27.0&Prime; title_font_size=\u00a0\u00bb24px\u00a0\u00bb global_colors_info=\u00a0\u00bb{}\u00a0\u00bb][\/et_pb_wc_upsells][et_pb_wc_related_products columns_number=\u00a0\u00bb4&Prime; include_categories=\u00a0\u00bb23&Prime; _builder_version=\u00a0\u00bb4.27.0&Prime; title_font_size=\u00a0\u00bb24px\u00a0\u00bb product_title_font_size=\u00a0\u00bb14px\u00a0\u00bb custom_padding=\u00a0\u00bb0px|||||\u00a0\u00bb hover_enabled=\u00a0\u00bb0&Prime; global_colors_info=\u00a0\u00bb{}\u00a0\u00bb posts_number=\u00a0\u00bb4&Prime; sticky_enabled=\u00a0\u00bb0&Prime;][\/et_pb_wc_related_products][\/et_pb_column][\/et_pb_row][\/et_pb_section]<\/p>\n","protected":false},"excerpt":{"rendered":"<p>Bi\u00e8re Fr\u00e8re JacquesConseil : Les frais de port sont toujours de 7,50 \u20ac. Ajoutez plus de bouteilles pour maximiser vos frais de port. Double Espresso Cette bi\u00e8re unique, de fermentation haute de surcroit, est enrichie de caf\u00e9 de JAVA, le Finca La Pila det Guatemala. Ces grains de caf\u00e9 \u2018single estate\u2019, d\u2019une qualit\u00e9 sup\u00e9rieure, se d\u00e9veloppent \u00e0 une altitude de 1500 m\u00e8tres, sur un sol volcanique et enrichi. Les grains ont ainsi un ar\u00f4me d\u00e9licieux et un corps plein de fruit. La bi\u00e8re est caract\u00e9ris\u00e9e par ces grains et par le go\u00fbt du cacao. La bi\u00e8re des divins, intense et irr\u00e9sistible. Houblon : Magnum et Golding. M\u00e9daille d&rsquo;argent au Brussels Beer Challenge 2012 7,7 % alc. vol. &#8211; EBU 22 &#8211; EBC 90 DouxAigrementHoublon\u00c9piceMalt<\/p>\n","protected":false},"featured_media":1634,"template":"","meta":{"_et_pb_use_builder":"on","_et_pb_old_content":"","_et_gb_content_width":"","cybocfi_hide_featured_image":""},"product_brand":[],"product_cat":[68,64],"product_tag":[],"class_list":{"0":"post-1166","1":"product","2":"type-product","3":"status-publish","4":"has-post-thumbnail","6":"product_cat-bieres-brunes","7":"product_cat-frere-jacob-beers","9":"first","10":"instock","11":"taxable","12":"shipping-taxable","13":"purchasable","14":"product-type-variable"},"yoast_head":"<!-- This site is optimized with the Yoast SEO plugin v27.4 - https:\/\/yoast.com\/product\/yoast-seo-wordpress\/ -->\n<title>Double Espresso - Broeder Jacob<\/title>\n<meta name=\"description\" content=\"Double Espresso - Bi\u00e8re avec du caf\u00e9 JAVA de haute qualit\u00e9 du Guatemala. Un ar\u00f4me riche, un corps fruit\u00e9 et une note subtile de cacao. Une exp\u00e9rience intense et pleine de saveurs.\" \/>\n<meta name=\"robots\" content=\"index, nofollow, max-snippet:-1, max-image-preview:large, max-video-preview:-1\" \/>\n<link rel=\"canonical\" href=\"https:\/\/broederjacob.be\/fr\/produit\/double-espresso\/\" \/>\n<meta property=\"og:locale\" content=\"fr_FR\" \/>\n<meta property=\"og:type\" content=\"article\" \/>\n<meta property=\"og:title\" content=\"Double Espresso - Broeder Jacob\" \/>\n<meta property=\"og:description\" content=\"Double Espresso - Bi\u00e8re avec du caf\u00e9 JAVA de haute qualit\u00e9 du Guatemala. Un ar\u00f4me riche, un corps fruit\u00e9 et une note subtile de cacao. Une exp\u00e9rience intense et pleine de saveurs.\" \/>\n<meta property=\"og:url\" content=\"https:\/\/broederjacob.be\/fr\/produit\/double-espresso\/\" \/>\n<meta property=\"og:site_name\" content=\"Broeder Jacob\" \/>\n<meta property=\"article:modified_time\" content=\"2025-01-08T16:09:47+00:00\" \/>\n<meta property=\"og:image\" content=\"https:\/\/broederjacob.be\/wp-content\/uploads\/2024\/08\/Double-Espresso.png\" \/>\n\t<meta property=\"og:image:width\" content=\"300\" \/>\n\t<meta property=\"og:image:height\" content=\"300\" \/>\n\t<meta property=\"og:image:type\" content=\"image\/png\" \/>\n<meta name=\"twitter:card\" content=\"summary_large_image\" \/>\n<meta name=\"twitter:label1\" content=\"Dur\u00e9e de lecture estim\u00e9e\" \/>\n\t<meta name=\"twitter:data1\" content=\"4 minutes\" \/>\n<script type=\"application\/ld+json\" class=\"yoast-schema-graph\">{\"@context\":\"https:\\\/\\\/schema.org\",\"@graph\":[{\"@type\":\"WebPage\",\"@id\":\"https:\\\/\\\/broederjacob.be\\\/fr\\\/produit\\\/double-espresso\\\/\",\"url\":\"https:\\\/\\\/broederjacob.be\\\/fr\\\/produit\\\/double-espresso\\\/\",\"name\":\"Double Espresso - Broeder Jacob\",\"isPartOf\":{\"@id\":\"https:\\\/\\\/broederjacob.be\\\/fr\\\/#website\"},\"primaryImageOfPage\":{\"@id\":\"https:\\\/\\\/broederjacob.be\\\/fr\\\/produit\\\/double-espresso\\\/#primaryimage\"},\"image\":{\"@id\":\"https:\\\/\\\/broederjacob.be\\\/fr\\\/produit\\\/double-espresso\\\/#primaryimage\"},\"thumbnailUrl\":\"https:\\\/\\\/erfog2gdc85.exactdn.com\\\/wp-content\\\/uploads\\\/2024\\\/08\\\/Double-Espresso_25.png?strip=all\",\"datePublished\":\"2024-08-01T09:17:45+00:00\",\"dateModified\":\"2025-01-08T16:09:47+00:00\",\"description\":\"Double Espresso - Bi\u00e8re avec du caf\u00e9 JAVA de haute qualit\u00e9 du Guatemala. Un ar\u00f4me riche, un corps fruit\u00e9 et une note subtile de cacao. Une exp\u00e9rience intense et pleine de saveurs.\",\"breadcrumb\":{\"@id\":\"https:\\\/\\\/broederjacob.be\\\/fr\\\/produit\\\/double-espresso\\\/#breadcrumb\"},\"inLanguage\":\"fr-FR\",\"potentialAction\":[{\"@type\":\"ReadAction\",\"target\":[\"https:\\\/\\\/broederjacob.be\\\/fr\\\/produit\\\/double-espresso\\\/\"]}]},{\"@type\":\"ImageObject\",\"inLanguage\":\"fr-FR\",\"@id\":\"https:\\\/\\\/broederjacob.be\\\/fr\\\/produit\\\/double-espresso\\\/#primaryimage\",\"url\":\"https:\\\/\\\/erfog2gdc85.exactdn.com\\\/wp-content\\\/uploads\\\/2024\\\/08\\\/Double-Espresso_25.png?strip=all\",\"contentUrl\":\"https:\\\/\\\/erfog2gdc85.exactdn.com\\\/wp-content\\\/uploads\\\/2024\\\/08\\\/Double-Espresso_25.png?strip=all\",\"width\":300,\"height\":300,\"caption\":\"Broeder Jacob Double Espresso\"},{\"@type\":\"BreadcrumbList\",\"@id\":\"https:\\\/\\\/broederjacob.be\\\/fr\\\/produit\\\/double-espresso\\\/#breadcrumb\",\"itemListElement\":[{\"@type\":\"ListItem\",\"position\":1,\"name\":\"Home\",\"item\":\"https:\\\/\\\/broederjacob.be\\\/fr\\\/accueil\\\/\"},{\"@type\":\"ListItem\",\"position\":2,\"name\":\"Boutique en ligne\",\"item\":\"https:\\\/\\\/broederjacob.be\\\/webshop\\\/\"},{\"@type\":\"ListItem\",\"position\":3,\"name\":\"Double Espresso\"}]},{\"@type\":\"WebSite\",\"@id\":\"https:\\\/\\\/broederjacob.be\\\/fr\\\/#website\",\"url\":\"https:\\\/\\\/broederjacob.be\\\/fr\\\/\",\"name\":\"Broeder Jacob\",\"description\":\"Belgian Brewery\",\"publisher\":{\"@id\":\"https:\\\/\\\/broederjacob.be\\\/fr\\\/#organization\"},\"potentialAction\":[{\"@type\":\"SearchAction\",\"target\":{\"@type\":\"EntryPoint\",\"urlTemplate\":\"https:\\\/\\\/broederjacob.be\\\/fr\\\/?s={search_term_string}\"},\"query-input\":{\"@type\":\"PropertyValueSpecification\",\"valueRequired\":true,\"valueName\":\"search_term_string\"}}],\"inLanguage\":\"fr-FR\"},{\"@type\":\"Organization\",\"@id\":\"https:\\\/\\\/broederjacob.be\\\/fr\\\/#organization\",\"name\":\"Broeder Jacob\",\"url\":\"https:\\\/\\\/broederjacob.be\\\/fr\\\/\",\"logo\":{\"@type\":\"ImageObject\",\"inLanguage\":\"fr-FR\",\"@id\":\"https:\\\/\\\/broederjacob.be\\\/fr\\\/#\\\/schema\\\/logo\\\/image\\\/\",\"url\":\"https:\\\/\\\/broederjacob.be\\\/wp-content\\\/uploads\\\/2024\\\/11\\\/BJ-LogoK-Def-PMS-scaled.jpg\",\"contentUrl\":\"https:\\\/\\\/broederjacob.be\\\/wp-content\\\/uploads\\\/2024\\\/11\\\/BJ-LogoK-Def-PMS-scaled.jpg\",\"width\":2384,\"height\":2560,\"caption\":\"Broeder Jacob\"},\"image\":{\"@id\":\"https:\\\/\\\/broederjacob.be\\\/fr\\\/#\\\/schema\\\/logo\\\/image\\\/\"}}]}<\/script>\n<!-- \/ Yoast SEO plugin. -->","yoast_head_json":{"title":"Double Espresso - Broeder Jacob","description":"Double Espresso - Bi\u00e8re avec du caf\u00e9 JAVA de haute qualit\u00e9 du Guatemala. Un ar\u00f4me riche, un corps fruit\u00e9 et une note subtile de cacao. Une exp\u00e9rience intense et pleine de saveurs.","robots":{"index":"index","follow":"nofollow","max-snippet":"max-snippet:-1","max-image-preview":"max-image-preview:large","max-video-preview":"max-video-preview:-1"},"canonical":"https:\/\/broederjacob.be\/fr\/produit\/double-espresso\/","og_locale":"fr_FR","og_type":"article","og_title":"Double Espresso - Broeder Jacob","og_description":"Double Espresso - Bi\u00e8re avec du caf\u00e9 JAVA de haute qualit\u00e9 du Guatemala. Un ar\u00f4me riche, un corps fruit\u00e9 et une note subtile de cacao. Une exp\u00e9rience intense et pleine de saveurs.","og_url":"https:\/\/broederjacob.be\/fr\/produit\/double-espresso\/","og_site_name":"Broeder Jacob","article_modified_time":"2025-01-08T16:09:47+00:00","og_image":[{"width":300,"height":300,"url":"https:\/\/broederjacob.be\/wp-content\/uploads\/2024\/08\/Double-Espresso.png","type":"image\/png"}],"twitter_card":"summary_large_image","twitter_misc":{"Dur\u00e9e de lecture estim\u00e9e":"4 minutes"},"schema":{"@context":"https:\/\/schema.org","@graph":[{"@type":"WebPage","@id":"https:\/\/broederjacob.be\/fr\/produit\/double-espresso\/","url":"https:\/\/broederjacob.be\/fr\/produit\/double-espresso\/","name":"Double Espresso - Broeder Jacob","isPartOf":{"@id":"https:\/\/broederjacob.be\/fr\/#website"},"primaryImageOfPage":{"@id":"https:\/\/broederjacob.be\/fr\/produit\/double-espresso\/#primaryimage"},"image":{"@id":"https:\/\/broederjacob.be\/fr\/produit\/double-espresso\/#primaryimage"},"thumbnailUrl":"https:\/\/erfog2gdc85.exactdn.com\/wp-content\/uploads\/2024\/08\/Double-Espresso_25.png?strip=all","datePublished":"2024-08-01T09:17:45+00:00","dateModified":"2025-01-08T16:09:47+00:00","description":"Double Espresso - Bi\u00e8re avec du caf\u00e9 JAVA de haute qualit\u00e9 du Guatemala. Un ar\u00f4me riche, un corps fruit\u00e9 et une note subtile de cacao. Une exp\u00e9rience intense et pleine de saveurs.","breadcrumb":{"@id":"https:\/\/broederjacob.be\/fr\/produit\/double-espresso\/#breadcrumb"},"inLanguage":"fr-FR","potentialAction":[{"@type":"ReadAction","target":["https:\/\/broederjacob.be\/fr\/produit\/double-espresso\/"]}]},{"@type":"ImageObject","inLanguage":"fr-FR","@id":"https:\/\/broederjacob.be\/fr\/produit\/double-espresso\/#primaryimage","url":"https:\/\/erfog2gdc85.exactdn.com\/wp-content\/uploads\/2024\/08\/Double-Espresso_25.png?strip=all","contentUrl":"https:\/\/erfog2gdc85.exactdn.com\/wp-content\/uploads\/2024\/08\/Double-Espresso_25.png?strip=all","width":300,"height":300,"caption":"Broeder Jacob Double Espresso"},{"@type":"BreadcrumbList","@id":"https:\/\/broederjacob.be\/fr\/produit\/double-espresso\/#breadcrumb","itemListElement":[{"@type":"ListItem","position":1,"name":"Home","item":"https:\/\/broederjacob.be\/fr\/accueil\/"},{"@type":"ListItem","position":2,"name":"Boutique en ligne","item":"https:\/\/broederjacob.be\/webshop\/"},{"@type":"ListItem","position":3,"name":"Double Espresso"}]},{"@type":"WebSite","@id":"https:\/\/broederjacob.be\/fr\/#website","url":"https:\/\/broederjacob.be\/fr\/","name":"Broeder Jacob","description":"Belgian Brewery","publisher":{"@id":"https:\/\/broederjacob.be\/fr\/#organization"},"potentialAction":[{"@type":"SearchAction","target":{"@type":"EntryPoint","urlTemplate":"https:\/\/broederjacob.be\/fr\/?s={search_term_string}"},"query-input":{"@type":"PropertyValueSpecification","valueRequired":true,"valueName":"search_term_string"}}],"inLanguage":"fr-FR"},{"@type":"Organization","@id":"https:\/\/broederjacob.be\/fr\/#organization","name":"Broeder Jacob","url":"https:\/\/broederjacob.be\/fr\/","logo":{"@type":"ImageObject","inLanguage":"fr-FR","@id":"https:\/\/broederjacob.be\/fr\/#\/schema\/logo\/image\/","url":"https:\/\/broederjacob.be\/wp-content\/uploads\/2024\/11\/BJ-LogoK-Def-PMS-scaled.jpg","contentUrl":"https:\/\/broederjacob.be\/wp-content\/uploads\/2024\/11\/BJ-LogoK-Def-PMS-scaled.jpg","width":2384,"height":2560,"caption":"Broeder Jacob"},"image":{"@id":"https:\/\/broederjacob.be\/fr\/#\/schema\/logo\/image\/"}}]}},"_links":{"self":[{"href":"https:\/\/broederjacob.be\/fr\/wp-json\/wp\/v2\/product\/1166","targetHints":{"allow":["GET"]}}],"collection":[{"href":"https:\/\/broederjacob.be\/fr\/wp-json\/wp\/v2\/product"}],"about":[{"href":"https:\/\/broederjacob.be\/fr\/wp-json\/wp\/v2\/types\/product"}],"wp:featuredmedia":[{"embeddable":true,"href":"https:\/\/broederjacob.be\/fr\/wp-json\/wp\/v2\/media\/1634"}],"wp:attachment":[{"href":"https:\/\/broederjacob.be\/fr\/wp-json\/wp\/v2\/media?parent=1166"}],"wp:term":[{"taxonomy":"product_brand","embeddable":true,"href":"https:\/\/broederjacob.be\/fr\/wp-json\/wp\/v2\/product_brand?post=1166"},{"taxonomy":"product_cat","embeddable":true,"href":"https:\/\/broederjacob.be\/fr\/wp-json\/wp\/v2\/product_cat?post=1166"},{"taxonomy":"product_tag","embeddable":true,"href":"https:\/\/broederjacob.be\/fr\/wp-json\/wp\/v2\/product_tag?post=1166"}],"curies":[{"name":"wp","href":"https:\/\/api.w.org\/{rel}","templated":true}]}}